{"id":72271,"date":"2021-03-06T10:16:09","date_gmt":"2019-02-21T10:16:09","guid":{"rendered":"https:\/\/gymnos.pt\/?post_type=product&#038;p=72271"},"modified":"2024-07-18T11:18:21","modified_gmt":"2024-07-18T11:18:21","slug":"muelles-open-end-minitramp","status":"publish","type":"product","link":"https:\/\/gymnos.pt\/es\/produto\/muelles-open-end-minitramp\/","title":{"rendered":"Muelles Open-End y Minitrampol\u00edn"},"content":{"rendered":"","protected":false},"excerpt":{"rendered":"<p>Muelle de acero (longitud 185 mm, \u00d8 32 mm) para Minitrampol\u00edn Open-End, Minitrampolin 112\/125 y pista de trampol\u00edn \u00abEstacionario\u00bb.<\/p>\n","protected":false},"featured_media":71005,"template":"","meta":{"_et_pb_use_builder":"","_et_pb_old_content":"","_et_gb_content_width":""},"product_brand":[5507],"product_cat":[8045],"product_tag":[],"class_list":{"0":"post-72271","1":"product","2":"type-product","3":"status-publish","4":"has-post-thumbnail","6":"product_brand-eurotramp","7":"product_cat-eurotramp-es","9":"first","10":"onbackorder","11":"taxable","12":"shipping-taxable","13":"product-type-simple"},"_links":{"self":[{"href":"https:\/\/gymnos.pt\/es\/wp-json\/wp\/v2\/product\/72271","targetHints":{"allow":["GET"]}}],"collection":[{"href":"https:\/\/gymnos.pt\/es\/wp-json\/wp\/v2\/product"}],"about":[{"href":"https:\/\/gymnos.pt\/es\/wp-json\/wp\/v2\/types\/product"}],"wp:featuredmedia":[{"embeddable":true,"href":"https:\/\/gymnos.pt\/es\/wp-json\/wp\/v2\/media\/71005"}],"wp:attachment":[{"href":"https:\/\/gymnos.pt\/es\/wp-json\/wp\/v2\/media?parent=72271"}],"wp:term":[{"taxonomy":"product_brand","embeddable":true,"href":"https:\/\/gymnos.pt\/es\/wp-json\/wp\/v2\/product_brand?post=72271"},{"taxonomy":"product_cat","embeddable":true,"href":"https:\/\/gymnos.pt\/es\/wp-json\/wp\/v2\/product_cat?post=72271"},{"taxonomy":"product_tag","embeddable":true,"href":"https:\/\/gymnos.pt\/es\/wp-json\/wp\/v2\/product_tag?post=72271"}],"curies":[{"name":"wp","href":"https:\/\/api.w.org\/{rel}","templated":true}]}}