{"id":72204,"date":"2021-03-06T10:21:43","date_gmt":"2019-02-18T10:21:43","guid":{"rendered":"https:\/\/gymnos.pt\/?post_type=product&#038;p=72204"},"modified":"2024-07-18T11:18:17","modified_gmt":"2024-07-18T11:18:17","slug":"almohadillado-entera-de-marco-para-el-minitramp125","status":"publish","type":"product","link":"https:\/\/gymnos.pt\/es\/produto\/almohadillado-entera-de-marco-para-el-minitramp125\/","title":{"rendered":"Protecci\u00f3n completa Minitrampol\u00edn 125"},"content":{"rendered":"","protected":false},"excerpt":{"rendered":"<p>Protecci\u00f3n completa para Minitrampol\u00edn 125.<\/p>\n<p>Bajo pedido.<\/p>\n","protected":false},"featured_media":72205,"template":"","meta":{"_et_pb_use_builder":"","_et_pb_old_content":"","_et_gb_content_width":""},"product_brand":[5507],"product_cat":[8045],"product_tag":[],"class_list":{"0":"post-72204","1":"product","2":"type-product","3":"status-publish","4":"has-post-thumbnail","6":"product_brand-eurotramp","7":"product_cat-eurotramp-es","9":"first","10":"onbackorder","11":"taxable","12":"shipping-taxable","13":"product-type-simple"},"_links":{"self":[{"href":"https:\/\/gymnos.pt\/es\/wp-json\/wp\/v2\/product\/72204","targetHints":{"allow":["GET"]}}],"collection":[{"href":"https:\/\/gymnos.pt\/es\/wp-json\/wp\/v2\/product"}],"about":[{"href":"https:\/\/gymnos.pt\/es\/wp-json\/wp\/v2\/types\/product"}],"wp:featuredmedia":[{"embeddable":true,"href":"https:\/\/gymnos.pt\/es\/wp-json\/wp\/v2\/media\/72205"}],"wp:attachment":[{"href":"https:\/\/gymnos.pt\/es\/wp-json\/wp\/v2\/media?parent=72204"}],"wp:term":[{"taxonomy":"product_brand","embeddable":true,"href":"https:\/\/gymnos.pt\/es\/wp-json\/wp\/v2\/product_brand?post=72204"},{"taxonomy":"product_cat","embeddable":true,"href":"https:\/\/gymnos.pt\/es\/wp-json\/wp\/v2\/product_cat?post=72204"},{"taxonomy":"product_tag","embeddable":true,"href":"https:\/\/gymnos.pt\/es\/wp-json\/wp\/v2\/product_tag?post=72204"}],"curies":[{"name":"wp","href":"https:\/\/api.w.org\/{rel}","templated":true}]}}