{"id":72184,"date":"2021-03-08T12:54:00","date_gmt":"2019-02-11T12:54:00","guid":{"rendered":"https:\/\/gymnos.pt\/?post_type=product&#038;p=72184"},"modified":"2024-07-18T11:17:33","modified_gmt":"2024-07-18T11:17:33","slug":"trampolines-suelo-grand-master-indoor190211125400","status":"publish","type":"product","link":"https:\/\/gymnos.pt\/es\/produto\/trampolines-suelo-grand-master-indoor190211125400\/","title":{"rendered":"SOLO TRAMPOL\u00cdN ENCASTRADO GRAND MASTER 4&#215;4 &#038; 5X4"},"content":{"rendered":"<p><strong>PARA PEDIDOS DE PRESUPUESTO, POR FAVOR\u00a0CONT\u00c1CTENOS<\/strong>.<\/p>\n<p><strong id=\"product-teaser\" class=\"col-9\">Trampol\u00edn de suelo \u00abGrand Master\u00bb para uso en interiores.<\/strong><\/p>\n<p id=\"product-description\" class=\"col-9\">El Ground Trampoline para uso en interiores es ideal para su uso en las academias de estilo libre, gimnasios, centros deportivos y terapia. Debido a que est\u00e1 libre barreras y la transici\u00f3n uniforme entre las camas de salto, el acolchonamiento de la estructura puede ser utilizado en deportes en con silla de ruedas. Caerse debajo o gatear debajo de la cama el\u00e1stica no es posible, ya que est\u00e1 a ras del suelo.<\/p>\n<p>Existen cuatro variantes de la cama de salto disponibles: 5\u00d74 mm y 4\u00d74 mm para alto rendimiento y competici\u00f3n; y 13 mm y 45 mm para las academias de estilo libre y los deportes en silla de ruedas.<\/p>\n<p>\u2022 Acolchonamiento de la estructura: 32 mm<br \/>\n\u2022 Profundidad requerida debajo de la cama de salto: 1,15 m<\/p>\n","protected":false},"excerpt":{"rendered":"<p>Trampol\u00edn de suelo \u00abGrand Master\u00bb Indoor, la cama de salto 4\u00d74 o 5&#215;4 mm con 118 muelles para alto rendimiento y competici\u00f3n.<br \/>\nPrecio bajo consulta.<\/p>\n","protected":false},"featured_media":85507,"template":"","meta":{"_et_pb_use_builder":"","_et_pb_old_content":"","_et_gb_content_width":""},"product_brand":[5507],"product_cat":[8045],"product_tag":[],"class_list":{"0":"post-72184","1":"product","2":"type-product","3":"status-publish","4":"has-post-thumbnail","6":"product_brand-eurotramp","7":"product_cat-eurotramp-es","9":"first","10":"onbackorder","11":"taxable","12":"shipping-taxable","13":"product-type-simple"},"_links":{"self":[{"href":"https:\/\/gymnos.pt\/es\/wp-json\/wp\/v2\/product\/72184","targetHints":{"allow":["GET"]}}],"collection":[{"href":"https:\/\/gymnos.pt\/es\/wp-json\/wp\/v2\/product"}],"about":[{"href":"https:\/\/gymnos.pt\/es\/wp-json\/wp\/v2\/types\/product"}],"wp:featuredmedia":[{"embeddable":true,"href":"https:\/\/gymnos.pt\/es\/wp-json\/wp\/v2\/media\/85507"}],"wp:attachment":[{"href":"https:\/\/gymnos.pt\/es\/wp-json\/wp\/v2\/media?parent=72184"}],"wp:term":[{"taxonomy":"product_brand","embeddable":true,"href":"https:\/\/gymnos.pt\/es\/wp-json\/wp\/v2\/product_brand?post=72184"},{"taxonomy":"product_cat","embeddable":true,"href":"https:\/\/gymnos.pt\/es\/wp-json\/wp\/v2\/product_cat?post=72184"},{"taxonomy":"product_tag","embeddable":true,"href":"https:\/\/gymnos.pt\/es\/wp-json\/wp\/v2\/product_tag?post=72184"}],"curies":[{"name":"wp","href":"https:\/\/api.w.org\/{rel}","templated":true}]}}