{"id":72159,"date":"2021-03-11T11:45:11","date_gmt":"2019-02-11T11:45:11","guid":{"rendered":"https:\/\/gymnos.pt\/?post_type=product&#038;p=72159"},"modified":"2024-07-18T11:17:31","modified_gmt":"2024-07-18T11:17:31","slug":"trampolines-suelo-adventure","status":"publish","type":"product","link":"https:\/\/gymnos.pt\/es\/produto\/trampolines-suelo-adventure\/","title":{"rendered":"SOLO TRAMPOL\u00cdN ENCASTRADO Adventure"},"content":{"rendered":"<p><strong>PARA PEDIDOS DE PRESUPUESTO, POR FAVOR\u00a0CONT\u00c1CTENOS.<\/strong><\/p>\n<p><span style=\"text-decoration: underline;\"><strong>Dimensiones de embalaje:<\/strong><\/span><\/p>\n<p>\u2022 2 piezas de marco (largo): 300 x 10 x 6 cm<br \/>\n\u2022 2 piezas de marco (costado): 200 x 10 x 6 cm<br \/>\n\u2022 1 caja muelles de acero (62 piezas) y accesorios: 40 x 50 x 40 cm<br \/>\n\u2022 1 caja malla: 190 x 30 x 30 cm<br \/>\n\u2022 1 pl\u00e1stico almohadillado: 112 x 55 x 25 cm<\/p>\n<p><strong id=\"product-teaser\" class=\"col-9\">El divertido trampol\u00edn de suelo al aire libre!<\/strong><\/p>\n<p id=\"product-description\" class=\"col-9\"><strong>El trampol\u00edn cumple con el est\u00e1ndar para art\u00edculos deportivos (DIN EN 13 219) y por lo tanto puede ser utilizado bajo supervisi\u00f3n.<\/strong><\/p>\n<p>El Ground Trampoline es el trampol\u00edn perfecto para los usuarios grandes y peque\u00f1os; despu\u00e9s de todo, una ca\u00edda o gatear debajo de la cama el\u00e1stica no es posible, ya que es a ras del suelo. Se coloca en un profundo pozo de 1 o 1,15 m y es una muy buena alternativa a los trampolines que se tienen que configurar. Las excepcionalmente buenas y suaves caracter\u00edsticas de la cama de salto permiten saltos controlados y hace que sea una experiencia especial para los ni\u00f1os y adultos por igual.<\/p>\n<p>El Ground Trampoline puede por supuesto ser instalado en las interiores, con lo que camas de salto m\u00e1s grandes de los equipos para interior tambi\u00e9n se pueden utilizar en estos casos.<\/p>\n","protected":false},"excerpt":{"rendered":"<p>Divertido Trampol\u00edn de suelo al aire libre con <strong id=\"product-teaser\" class=\"col-9\">300&#215;200 cm<\/strong> y 62 muelles.<br \/>\nPrecio bajo consulta.<\/p>\n","protected":false},"featured_media":85661,"template":"","meta":{"_et_pb_use_builder":"","_et_pb_old_content":"","_et_gb_content_width":""},"product_brand":[5507],"product_cat":[8045],"product_tag":[],"class_list":{"0":"post-72159","1":"product","2":"type-product","3":"status-publish","4":"has-post-thumbnail","6":"product_brand-eurotramp","7":"product_cat-eurotramp-es","9":"first","10":"onbackorder","11":"taxable","12":"shipping-taxable","13":"product-type-simple"},"_links":{"self":[{"href":"https:\/\/gymnos.pt\/es\/wp-json\/wp\/v2\/product\/72159","targetHints":{"allow":["GET"]}}],"collection":[{"href":"https:\/\/gymnos.pt\/es\/wp-json\/wp\/v2\/product"}],"about":[{"href":"https:\/\/gymnos.pt\/es\/wp-json\/wp\/v2\/types\/product"}],"wp:featuredmedia":[{"embeddable":true,"href":"https:\/\/gymnos.pt\/es\/wp-json\/wp\/v2\/media\/85661"}],"wp:attachment":[{"href":"https:\/\/gymnos.pt\/es\/wp-json\/wp\/v2\/media?parent=72159"}],"wp:term":[{"taxonomy":"product_brand","embeddable":true,"href":"https:\/\/gymnos.pt\/es\/wp-json\/wp\/v2\/product_brand?post=72159"},{"taxonomy":"product_cat","embeddable":true,"href":"https:\/\/gymnos.pt\/es\/wp-json\/wp\/v2\/product_cat?post=72159"},{"taxonomy":"product_tag","embeddable":true,"href":"https:\/\/gymnos.pt\/es\/wp-json\/wp\/v2\/product_tag?post=72159"}],"curies":[{"name":"wp","href":"https:\/\/api.w.org\/{rel}","templated":true}]}}