{"id":72148,"date":"2021-03-17T10:56:48","date_gmt":"2019-02-08T10:56:48","guid":{"rendered":"https:\/\/gymnos.pt\/?post_type=product&#038;p=72148"},"modified":"2024-07-18T11:12:48","modified_gmt":"2024-07-18T11:12:48","slug":"mini-trampolin-teamgym-dorado","status":"publish","type":"product","link":"https:\/\/gymnos.pt\/es\/produto\/mini-trampolin-teamgym-dorado\/","title":{"rendered":"Mini Trampol\u00edn Teamgym Dorado 40"},"content":{"rendered":"<p><strong>PARA PEDIDOS DE PRESUPUESTO, POR FAVOR\u00a0CONT\u00c1CTENOS.<\/strong><\/p>\n<p><span style=\"text-decoration: underline;\"><strong>Dimensiones:<\/strong><\/span><\/p>\n<p>&#8211; Estacionado: 124&#215;124 cm<br \/>\n&#8211; Guardado: 120x80x150 cm<br \/>\n&#8211; P\/ transporte: 120x80x150 cm<span class=\"value\"><br \/>\n<\/span><\/p>\n<hr \/>\n<p><span style=\"text-decoration: underline;\"><strong id=\"product-teaser\" class=\"col-9\">Rendimiento y Dise\u00f1o de la empresa danesa PE-Redskaber asociada a Eurotramp<\/strong><\/span><\/p>\n<p id=\"product-description\" class=\"col-9\">El nuevo Dorado de la empresa danesa PE-Redskaber es adecuado para el deporte el m\u00e1ximo rendimiento y tambi\u00e9n el dise\u00f1o es muy impresionante. El c\u00f3modo ajuste de altura, las muy buenas caracter\u00edsticas de salto y el hecho de que el trampol\u00edn trabaja silenciosamente hacen Dorado un aparato \u00fanico. Este trampol\u00edn fue concebido principalmente para los gimnastas de primera clase, por lo que la tensi\u00f3n de la zona de salto es muy dura. Se puede entregar un modelo ajustable en altura de modo que pueda ser utilizado tambi\u00e9n por los ni\u00f1os y j\u00f3venes cualificados.<\/p>\n<p>El dise\u00f1o Dorado, la marca y el producto en s\u00ed est\u00e1n registrados como patentes y protegidos bajo la patente europea de dise\u00f1o.<\/p>\n","protected":false},"excerpt":{"rendered":"<p>Minitrampol\u00edn Teamgym Dorado con 40 mulles y cama String 60&#215;60 from PE-Redskaber.<\/p>\n<p>Bajo pedido.<\/p>\n","protected":false},"featured_media":90255,"template":"","meta":{"_et_pb_use_builder":"","_et_pb_old_content":"","_et_gb_content_width":""},"product_brand":[5507],"product_cat":[8045],"product_tag":[],"class_list":{"0":"post-72148","1":"product","2":"type-product","3":"status-publish","4":"has-post-thumbnail","6":"product_brand-eurotramp","7":"product_cat-eurotramp-es","9":"first","10":"onbackorder","11":"taxable","12":"shipping-taxable","13":"product-type-simple"},"_links":{"self":[{"href":"https:\/\/gymnos.pt\/es\/wp-json\/wp\/v2\/product\/72148","targetHints":{"allow":["GET"]}}],"collection":[{"href":"https:\/\/gymnos.pt\/es\/wp-json\/wp\/v2\/product"}],"about":[{"href":"https:\/\/gymnos.pt\/es\/wp-json\/wp\/v2\/types\/product"}],"wp:featuredmedia":[{"embeddable":true,"href":"https:\/\/gymnos.pt\/es\/wp-json\/wp\/v2\/media\/90255"}],"wp:attachment":[{"href":"https:\/\/gymnos.pt\/es\/wp-json\/wp\/v2\/media?parent=72148"}],"wp:term":[{"taxonomy":"product_brand","embeddable":true,"href":"https:\/\/gymnos.pt\/es\/wp-json\/wp\/v2\/product_brand?post=72148"},{"taxonomy":"product_cat","embeddable":true,"href":"https:\/\/gymnos.pt\/es\/wp-json\/wp\/v2\/product_cat?post=72148"},{"taxonomy":"product_tag","embeddable":true,"href":"https:\/\/gymnos.pt\/es\/wp-json\/wp\/v2\/product_tag?post=72148"}],"curies":[{"name":"wp","href":"https:\/\/api.w.org\/{rel}","templated":true}]}}