{"id":72135,"date":"2021-03-17T11:07:46","date_gmt":"2019-02-07T11:07:46","guid":{"rendered":"https:\/\/gymnos.pt\/?post_type=product&#038;p=72135"},"modified":"2024-07-18T11:12:44","modified_gmt":"2024-07-18T11:12:44","slug":"mini-trampolin-teamgym","status":"publish","type":"product","link":"https:\/\/gymnos.pt\/es\/produto\/mini-trampolin-teamgym\/","title":{"rendered":"Mini Trampol\u00edn Teamgym 6&#215;6"},"content":{"rendered":"<p><strong>Dimensiones:<\/strong><\/p>\n<p>&#8211; Estacionado: 125x130x23.7-28.5 cm<br \/>\n&#8211; Guardado: 140x125x15 cm<br \/>\n&#8211; P\/ transporte: 140x125x15 cm<span class=\"value\"><br \/>\n<\/span><\/p>\n<hr \/>\n<p><strong id=\"product-teaser\" class=\"col-9\">Teamgym Minitramp, para m\u00e1s acci\u00f3n en los deportes<\/strong><\/p>\n<p id=\"product-description\" class=\"col-9\">Un Minitramp que atrae a los gimnastas como un grupo objetivo, que demandan del aparato una alta estabilidad, durabilidad y un rendimiento extraordinario. El aparato fue desarrollado originalmente para el concurso de Euroteam.<\/p>\n<p>Debido a la especial construcci\u00f3n del marco, con un marco oval plano y grandes sectores de apoyo, es un trampol\u00edn para deporte de alto nivel, la acrobacia de alto rendimiento, grupos de show y todos los que han llegado al l\u00edmite de rendimiento del Minitramp anterior.<\/p>\n<p>&nbsp;<\/p>\n<p>&nbsp;<\/p>\n","protected":false},"excerpt":{"rendered":"<p>Minitrampol\u00edn Teamgym con cama nylon 6&#215;6 y 36 mulles 185 mm \u00d8 32 mm.<\/p>\n<p>Bajo pedido.<\/p>\n","protected":false},"featured_media":72136,"template":"","meta":{"_et_pb_use_builder":"","_et_pb_old_content":"","_et_gb_content_width":""},"product_brand":[5507],"product_cat":[8045],"product_tag":[],"class_list":{"0":"post-72135","1":"product","2":"type-product","3":"status-publish","4":"has-post-thumbnail","6":"product_brand-eurotramp","7":"product_cat-eurotramp-es","9":"first","10":"onbackorder","11":"taxable","12":"shipping-taxable","13":"product-type-simple"},"_links":{"self":[{"href":"https:\/\/gymnos.pt\/es\/wp-json\/wp\/v2\/product\/72135","targetHints":{"allow":["GET"]}}],"collection":[{"href":"https:\/\/gymnos.pt\/es\/wp-json\/wp\/v2\/product"}],"about":[{"href":"https:\/\/gymnos.pt\/es\/wp-json\/wp\/v2\/types\/product"}],"wp:featuredmedia":[{"embeddable":true,"href":"https:\/\/gymnos.pt\/es\/wp-json\/wp\/v2\/media\/72136"}],"wp:attachment":[{"href":"https:\/\/gymnos.pt\/es\/wp-json\/wp\/v2\/media?parent=72135"}],"wp:term":[{"taxonomy":"product_brand","embeddable":true,"href":"https:\/\/gymnos.pt\/es\/wp-json\/wp\/v2\/product_brand?post=72135"},{"taxonomy":"product_cat","embeddable":true,"href":"https:\/\/gymnos.pt\/es\/wp-json\/wp\/v2\/product_cat?post=72135"},{"taxonomy":"product_tag","embeddable":true,"href":"https:\/\/gymnos.pt\/es\/wp-json\/wp\/v2\/product_tag?post=72135"}],"curies":[{"name":"wp","href":"https:\/\/api.w.org\/{rel}","templated":true}]}}