{"id":72129,"date":"2021-03-18T10:43:15","date_gmt":"2019-02-07T10:43:15","guid":{"rendered":"https:\/\/gymnos.pt\/?post_type=product&#038;p=72129"},"modified":"2024-07-18T11:10:48","modified_gmt":"2024-07-18T11:10:48","slug":"correa-trampolin-cuerda","status":"publish","type":"product","link":"https:\/\/gymnos.pt\/es\/produto\/correa-trampolin-cuerda\/","title":{"rendered":"Correa de Trampol\u00edn con cuerda"},"content":{"rendered":"<p><strong id=\"product-teaser\" class=\"col-9\">Una ayuda ideal de entrenamiento para aprender saltos nuevos y dif\u00edciles.<\/strong><\/p>\n<p id=\"product-description\" class=\"col-9\">Las cuerdas de trampol\u00edn de Eurotramp son una ayuda ideal de entrenamiento para aprender saltos nuevos y dif\u00edciles. Con la ayuda de las cuerdas de suspensi\u00f3n, un gimnasta puede ser asegurado sin problemas por el entrenador, lo que ofrece una seguridad muy alta al aprender ejercicios de trampol\u00edn y al ensayar formas avanzadas de ejercicios.<\/p>\n<p>&nbsp;<\/p>\n","protected":false},"excerpt":{"rendered":"<p>Sistema de seguridad de techo para cinturones, con poleas, mosquet\u00f3nes y cuerda.<\/p>\n","protected":false},"featured_media":72130,"template":"","meta":{"_et_pb_use_builder":"","_et_pb_old_content":"","_et_gb_content_width":""},"product_brand":[5507],"product_cat":[8027,8045],"product_tag":[],"class_list":{"0":"post-72129","1":"product","2":"type-product","3":"status-publish","4":"has-post-thumbnail","6":"product_brand-eurotramp","7":"product_cat-acessorios-de-entrenamiento","8":"product_cat-eurotramp-es","10":"first","11":"outofstock","12":"taxable","13":"shipping-taxable","14":"product-type-simple"},"_links":{"self":[{"href":"https:\/\/gymnos.pt\/es\/wp-json\/wp\/v2\/product\/72129","targetHints":{"allow":["GET"]}}],"collection":[{"href":"https:\/\/gymnos.pt\/es\/wp-json\/wp\/v2\/product"}],"about":[{"href":"https:\/\/gymnos.pt\/es\/wp-json\/wp\/v2\/types\/product"}],"wp:featuredmedia":[{"embeddable":true,"href":"https:\/\/gymnos.pt\/es\/wp-json\/wp\/v2\/media\/72130"}],"wp:attachment":[{"href":"https:\/\/gymnos.pt\/es\/wp-json\/wp\/v2\/media?parent=72129"}],"wp:term":[{"taxonomy":"product_brand","embeddable":true,"href":"https:\/\/gymnos.pt\/es\/wp-json\/wp\/v2\/product_brand?post=72129"},{"taxonomy":"product_cat","embeddable":true,"href":"https:\/\/gymnos.pt\/es\/wp-json\/wp\/v2\/product_cat?post=72129"},{"taxonomy":"product_tag","embeddable":true,"href":"https:\/\/gymnos.pt\/es\/wp-json\/wp\/v2\/product_tag?post=72129"}],"curies":[{"name":"wp","href":"https:\/\/api.w.org\/{rel}","templated":true}]}}