{"id":72113,"date":"2021-03-16T12:30:08","date_gmt":"2019-02-06T12:30:08","guid":{"rendered":"https:\/\/gymnos.pt\/?post_type=product&#038;p=72113"},"modified":"2024-07-18T11:13:02","modified_gmt":"2024-07-18T11:13:02","slug":"master-school","status":"publish","type":"product","link":"https:\/\/gymnos.pt\/es\/produto\/master-school\/","title":{"rendered":"Trampol\u00edn Master School"},"content":{"rendered":"<p>PARA PEDIDOS DE PRESUPUESTO, POR FAVOR\u00a0CONT\u00c1CTENOS.<\/p>\n<p><strong>Dimensiones:<\/strong><\/p>\n<p>&#8211; Estacionado: 457 x 275 x 99 cm<br \/>\n&#8211; Guardado: 291 x 70 x 198 cm<br \/>\n&#8211; P\/ transporte: 291 x 70 x 198 cm<\/p>\n<hr \/>\n<p><strong id=\"product-teaser\" class=\"col-9\">El trampol\u00edn grande ideal para los principiantes!<\/strong><\/p>\n<p id=\"product-description\" class=\"col-9\">La l\u00ednea Master es menor, \u00a0de dimensiones m\u00e1s peque\u00f1as y significativamente m\u00e1s barata que la serie Grand Master<strong>.\u00a0<\/strong>El trampol\u00edn Master tiene un excelente confort de salto y una cama de salto suficientemente grande. Sus caracter\u00edsticas de salto bien balanceadas lo hacen especialmente adecuado para los principiantes para permitir un comienzo exitoso en la disciplina de salto en trampol\u00edn.<\/p>\n<p>El trampol\u00edn Master se ofrece en 3 versiones de la cama de salto diferentes, lo que permite el uso \u00f3ptimo en clubes, escuelas, deporte recreativo y terapia. La cama de salto polyester y 45 mm da una gran estabilidad, es muy robusta y tiene un nivel de salto reducida. La versi\u00f3n de la cama de salto de alto rendimiento de 13 mm permite la transici\u00f3n a tipos de ejercicios m\u00e1s exigentes.<\/p>\n","protected":false},"excerpt":{"rendered":"<p>Trampol\u00edn Master School con cama en poliester y 100 muelles.<\/p>\n<p>Transporte no incluido (precio de env\u00edo a definir).<\/p>\n<p>Bajo pedido.<\/p>\n","protected":false},"featured_media":85707,"template":"","meta":{"_et_pb_use_builder":"","_et_pb_old_content":"","_et_gb_content_width":""},"product_brand":[5507],"product_cat":[8033,8045],"product_tag":[],"class_list":{"0":"post-72113","1":"product","2":"type-product","3":"status-publish","4":"has-post-thumbnail","6":"product_brand-eurotramp","7":"product_cat-aparatos","8":"product_cat-eurotramp-es","10":"first","11":"onbackorder","12":"taxable","13":"shipping-taxable","14":"product-type-simple"},"_links":{"self":[{"href":"https:\/\/gymnos.pt\/es\/wp-json\/wp\/v2\/product\/72113","targetHints":{"allow":["GET"]}}],"collection":[{"href":"https:\/\/gymnos.pt\/es\/wp-json\/wp\/v2\/product"}],"about":[{"href":"https:\/\/gymnos.pt\/es\/wp-json\/wp\/v2\/types\/product"}],"wp:featuredmedia":[{"embeddable":true,"href":"https:\/\/gymnos.pt\/es\/wp-json\/wp\/v2\/media\/85707"}],"wp:attachment":[{"href":"https:\/\/gymnos.pt\/es\/wp-json\/wp\/v2\/media?parent=72113"}],"wp:term":[{"taxonomy":"product_brand","embeddable":true,"href":"https:\/\/gymnos.pt\/es\/wp-json\/wp\/v2\/product_brand?post=72113"},{"taxonomy":"product_cat","embeddable":true,"href":"https:\/\/gymnos.pt\/es\/wp-json\/wp\/v2\/product_cat?post=72113"},{"taxonomy":"product_tag","embeddable":true,"href":"https:\/\/gymnos.pt\/es\/wp-json\/wp\/v2\/product_tag?post=72113"}],"curies":[{"name":"wp","href":"https:\/\/api.w.org\/{rel}","templated":true}]}}