{"id":72098,"date":"2019-02-01T12:30:51","date_gmt":"2019-02-01T12:30:51","guid":{"rendered":"https:\/\/gymnos.pt\/?post_type=product&#038;p=72098"},"modified":"2024-07-18T11:47:38","modified_gmt":"2024-07-18T11:47:38","slug":"barra-ballet-doble-grupal","status":"publish","type":"product","link":"https:\/\/gymnos.pt\/es\/produto\/barra-ballet-doble-grupal\/","title":{"rendered":"Barra de Ballet Doble Grupal"},"content":{"rendered":"","protected":false},"excerpt":{"rendered":"<p>Longitud: 2 barras de 230 cm. Di\u00e1metro barra 38 mm. Altura ajustable. Altura m\u00ednima 70 cm y altura m\u00e1xima 113 cm. Peso barra: 10 kg Carga m\u00e1xima: 250 kg.<\/p>\n<p>&nbsp;<\/p>\n","protected":false},"featured_media":72099,"template":"","meta":{"_et_pb_use_builder":"","_et_pb_old_content":"","_et_gb_content_width":""},"product_brand":[5524],"product_cat":[8027,8031],"product_tag":[],"class_list":{"0":"post-72098","1":"product","2":"type-product","3":"status-publish","4":"has-post-thumbnail","6":"product_brand-amaya","7":"product_cat-acessorios-de-entrenamiento","8":"product_cat-amaya-es","10":"first","11":"instock","12":"taxable","13":"shipping-taxable","14":"purchasable","15":"product-type-simple"},"_links":{"self":[{"href":"https:\/\/gymnos.pt\/es\/wp-json\/wp\/v2\/product\/72098","targetHints":{"allow":["GET"]}}],"collection":[{"href":"https:\/\/gymnos.pt\/es\/wp-json\/wp\/v2\/product"}],"about":[{"href":"https:\/\/gymnos.pt\/es\/wp-json\/wp\/v2\/types\/product"}],"wp:featuredmedia":[{"embeddable":true,"href":"https:\/\/gymnos.pt\/es\/wp-json\/wp\/v2\/media\/72099"}],"wp:attachment":[{"href":"https:\/\/gymnos.pt\/es\/wp-json\/wp\/v2\/media?parent=72098"}],"wp:term":[{"taxonomy":"product_brand","embeddable":true,"href":"https:\/\/gymnos.pt\/es\/wp-json\/wp\/v2\/product_brand?post=72098"},{"taxonomy":"product_cat","embeddable":true,"href":"https:\/\/gymnos.pt\/es\/wp-json\/wp\/v2\/product_cat?post=72098"},{"taxonomy":"product_tag","embeddable":true,"href":"https:\/\/gymnos.pt\/es\/wp-json\/wp\/v2\/product_tag?post=72098"}],"curies":[{"name":"wp","href":"https:\/\/api.w.org\/{rel}","templated":true}]}}