{"id":72055,"date":"2021-04-10T12:34:23","date_gmt":"2019-01-15T12:34:23","guid":{"rendered":"https:\/\/gymnos.pt\/?post_type=product&#038;p=72055"},"modified":"2025-07-01T12:57:57","modified_gmt":"2025-07-01T12:57:57","slug":"set-colchonetas-trampolines","status":"publish","type":"product","link":"https:\/\/gymnos.pt\/es\/produto\/set-colchonetas-trampolines\/","title":{"rendered":"CONJUNTO DE COLCHONETAS PARA \u00c1REA DE SEGURIDAD DE TRAMPOL\u00cdNES"},"content":{"rendered":"<p><strong>Para pedidos de presupuesto, por favor CONT\u00c1CTENOS.<\/strong><\/p>\n<p><em><strong>Presentati\u00f3n de Conjunto de Colchonetas para \u00e1rea de seguridad de 1, 2 y 4 Trampol\u00ednes.<\/strong><\/em><\/p>\n","protected":false},"excerpt":{"rendered":"<p>Conjunto de Colchonetas 300x200x20cm en PVC con velcros para uni\u00f3n, seg\u00fan normativas FIG.<br \/>\nPrecios bajo consulta.<\/p>\n","protected":false},"featured_media":72061,"template":"","meta":{"_et_pb_use_builder":"","_et_pb_old_content":"","_et_gb_content_width":""},"product_brand":[5522],"product_cat":[8047],"product_tag":[],"class_list":{"0":"post-72055","1":"product","2":"type-product","3":"status-publish","4":"has-post-thumbnail","6":"product_brand-gymnos","7":"product_cat-gymnos-es","8":"pa_mattress-set-traset10-es","9":"pa_mattress-set-traset12-es","10":"pa_mattress-set-traset17-es","11":"pa_mattress-set-traset21-es","12":"pa_mattress-set-traset30-es","13":"pa_mattress-set-traset34-es","14":"pa_mattress-set-traset38-es","16":"first","17":"outofstock","18":"taxable","19":"shipping-taxable","20":"product-type-variable"},"_links":{"self":[{"href":"https:\/\/gymnos.pt\/es\/wp-json\/wp\/v2\/product\/72055","targetHints":{"allow":["GET"]}}],"collection":[{"href":"https:\/\/gymnos.pt\/es\/wp-json\/wp\/v2\/product"}],"about":[{"href":"https:\/\/gymnos.pt\/es\/wp-json\/wp\/v2\/types\/product"}],"wp:featuredmedia":[{"embeddable":true,"href":"https:\/\/gymnos.pt\/es\/wp-json\/wp\/v2\/media\/72061"}],"wp:attachment":[{"href":"https:\/\/gymnos.pt\/es\/wp-json\/wp\/v2\/media?parent=72055"}],"wp:term":[{"taxonomy":"product_brand","embeddable":true,"href":"https:\/\/gymnos.pt\/es\/wp-json\/wp\/v2\/product_brand?post=72055"},{"taxonomy":"product_cat","embeddable":true,"href":"https:\/\/gymnos.pt\/es\/wp-json\/wp\/v2\/product_cat?post=72055"},{"taxonomy":"product_tag","embeddable":true,"href":"https:\/\/gymnos.pt\/es\/wp-json\/wp\/v2\/product_tag?post=72055"}],"curies":[{"name":"wp","href":"https:\/\/api.w.org\/{rel}","templated":true}]}}