{"id":72019,"date":"2021-04-10T12:04:46","date_gmt":"2019-01-04T12:04:46","guid":{"rendered":"https:\/\/gymnos.pt\/?post_type=product&#038;p=72019"},"modified":"2021-04-10T16:42:31","modified_gmt":"2021-04-10T16:42:31","slug":"colchoneta-dmt","status":"publish","type":"product","link":"https:\/\/gymnos.pt\/es\/produto\/colchoneta-dmt\/","title":{"rendered":"FUNDA RECEPC\u00cdON DMT"},"content":{"rendered":"<p><strong>PARA PEDIDOS DE PRESUPUESTO, POR FAVOR\u00a0CONT\u00c1CTENOS.<\/strong><\/p>\n","protected":false},"excerpt":{"rendered":"<p>Funda para la recepci\u00f3n del Doble Mini Trampol\u00edn 600x300x30 cm, con \u00e1rea amarilla 400&#215;200 cm y nueva zona roja 250&#215;100 cm, seg\u00fan las normas de la FIG.<br \/>\nPrecios bajo consulta.<\/p>\n","protected":false},"featured_media":72020,"template":"","meta":{"_et_pb_use_builder":"","_et_pb_old_content":"","_et_gb_content_width":""},"product_brand":[5522],"product_cat":[8035,8047],"product_tag":[],"class_list":{"0":"post-72019","1":"product","2":"type-product","3":"status-publish","4":"has-post-thumbnail","6":"product_brand-gymnos","7":"product_cat-fundas","8":"product_cat-gymnos-es","10":"first","11":"onbackorder","12":"taxable","13":"shipping-taxable","14":"product-type-simple"},"_links":{"self":[{"href":"https:\/\/gymnos.pt\/es\/wp-json\/wp\/v2\/product\/72019","targetHints":{"allow":["GET"]}}],"collection":[{"href":"https:\/\/gymnos.pt\/es\/wp-json\/wp\/v2\/product"}],"about":[{"href":"https:\/\/gymnos.pt\/es\/wp-json\/wp\/v2\/types\/product"}],"wp:featuredmedia":[{"embeddable":true,"href":"https:\/\/gymnos.pt\/es\/wp-json\/wp\/v2\/media\/72020"}],"wp:attachment":[{"href":"https:\/\/gymnos.pt\/es\/wp-json\/wp\/v2\/media?parent=72019"}],"wp:term":[{"taxonomy":"product_brand","embeddable":true,"href":"https:\/\/gymnos.pt\/es\/wp-json\/wp\/v2\/product_brand?post=72019"},{"taxonomy":"product_cat","embeddable":true,"href":"https:\/\/gymnos.pt\/es\/wp-json\/wp\/v2\/product_cat?post=72019"},{"taxonomy":"product_tag","embeddable":true,"href":"https:\/\/gymnos.pt\/es\/wp-json\/wp\/v2\/product_tag?post=72019"}],"curies":[{"name":"wp","href":"https:\/\/api.w.org\/{rel}","templated":true}]}}