{"id":71865,"date":"2018-06-05T10:26:10","date_gmt":"2018-06-05T10:26:10","guid":{"rendered":"https:\/\/gymnos.pt\/?post_type=product&#038;p=71865"},"modified":"2026-03-17T02:54:56","modified_gmt":"2026-03-17T02:54:56","slug":"aer-8-evo-comp-3","status":"publish","type":"product","link":"https:\/\/gymnos.pt\/es\/produto\/aer-8-evo-comp-3\/","title":{"rendered":"AER 8 COMP"},"content":{"rendered":"<div>\n<div>\n<div>NOVO DESIGN com material de microfibra HI-TECH, mais leve e de alta resist\u00eancia.<br data-start=\"129\" data-end=\"132\">Sola em borracha natural, desenhada para melhorar a realiza\u00e7\u00e3o de piruetas.<br data-start=\"209\" data-end=\"212\" data-is-only-node=\"\">Cor Branca.<\/div>\n<div><\/div>\n<div>\n<table>\n<tbody>\n<tr>\n<td colspan=\"2\">Tabela de tamanhos:<\/td>\n<\/tr>\n<tr>\n<td>34<\/td>\n<td>21 cm<\/td>\n<\/tr>\n<tr>\n<td>35<\/td>\n<td>21,5 cm<\/td>\n<\/tr>\n<tr>\n<td>36<\/td>\n<td>22 cm<\/td>\n<\/tr>\n<tr>\n<td>37<\/td>\n<td>23 cm<\/td>\n<\/tr>\n<tr>\n<td>38<\/td>\n<td>24 cm<\/td>\n<\/tr>\n<tr>\n<td>39<\/td>\n<td>25 cm<\/td>\n<\/tr>\n<tr>\n<td>40<\/td>\n<td>25,5 cm<\/td>\n<\/tr>\n<tr>\n<td>41<\/td>\n<td>26 cm<\/td>\n<\/tr>\n<tr>\n<td>42<\/td>\n<td>27 cm<\/td>\n<\/tr>\n<tr>\n<td>43<\/td>\n<td>27,5 cm<\/td>\n<\/tr>\n<tr>\n<td>44<\/td>\n<td>28,5 cm<\/td>\n<\/tr>\n<\/tbody>\n<\/table>\n<p>&nbsp;<\/p>\n<\/div>\n<\/div>\n<\/div>\n<div><\/div>\n","protected":false},"excerpt":{"rendered":"<p>Sapatilhas de Gin\u00e1stica Aer\u00f3bica de alta tecnologia, as mais avan\u00e7adas no mercado.<\/p>\n","protected":false},"featured_media":71875,"template":"","meta":{"_et_pb_use_builder":"","_et_pb_old_content":"","_et_gb_content_width":""},"product_brand":[5520],"product_cat":[8069,8073,8073,8069],"product_tag":[],"class_list":{"0":"post-71865","1":"product","2":"type-product","3":"status-publish","4":"has-post-thumbnail","6":"product_brand-venturelli","7":"product_cat-venturelli-es","8":"product_cat-zapatillas","11":"pa_shoe-size-34-es","13":"pa_shoe-size-35-es","15":"pa_shoe-size-36-es","17":"pa_shoe-size-37-es","19":"pa_shoe-size-38-es","21":"pa_shoe-size-39-es","23":"pa_shoe-size-40-es","25":"pa_shoe-size-41-es","27":"pa_shoe-size-42-es","29":"pa_shoe-size-43-es","31":"pa_shoe-size-44-es","34":"first","35":"instock","36":"taxable","37":"shipping-taxable","38":"purchasable","39":"product-type-variable"},"_links":{"self":[{"href":"https:\/\/gymnos.pt\/es\/wp-json\/wp\/v2\/product\/71865","targetHints":{"allow":["GET"]}}],"collection":[{"href":"https:\/\/gymnos.pt\/es\/wp-json\/wp\/v2\/product"}],"about":[{"href":"https:\/\/gymnos.pt\/es\/wp-json\/wp\/v2\/types\/product"}],"wp:featuredmedia":[{"embeddable":true,"href":"https:\/\/gymnos.pt\/es\/wp-json\/wp\/v2\/media\/71875"}],"wp:attachment":[{"href":"https:\/\/gymnos.pt\/es\/wp-json\/wp\/v2\/media?parent=71865"}],"wp:term":[{"taxonomy":"product_brand","embeddable":true,"href":"https:\/\/gymnos.pt\/es\/wp-json\/wp\/v2\/product_brand?post=71865"},{"taxonomy":"product_cat","embeddable":true,"href":"https:\/\/gymnos.pt\/es\/wp-json\/wp\/v2\/product_cat?post=71865"},{"taxonomy":"product_tag","embeddable":true,"href":"https:\/\/gymnos.pt\/es\/wp-json\/wp\/v2\/product_tag?post=71865"}],"curies":[{"name":"wp","href":"https:\/\/api.w.org\/{rel}","templated":true}]}}