{"id":71839,"date":"2021-03-19T11:23:37","date_gmt":"2018-04-10T11:23:37","guid":{"rendered":"https:\/\/gymnos.pt\/?post_type=product&#038;p=71839"},"modified":"2024-07-18T10:54:19","modified_gmt":"2024-07-18T10:54:19","slug":"cintur-n-para-piruetas-modelo-grande","status":"publish","type":"product","link":"https:\/\/gymnos.pt\/es\/produto\/cintur-n-para-piruetas-modelo-grande\/","title":{"rendered":"CINTUR\u00d3N PARA PIRUETAS MODELO GRANDE"},"content":{"rendered":"<p>Cintur\u00f3n con rodamiento de bolas para la realizaci\u00f3n de ejercicios con piruetas.<\/p>\n<p>Cierre r\u00e1pido y sencillo.<\/p>\n<p>Incluye bandas de asiento.<\/p>\n<p>-\u00d8 Di\u00e1metro: 38\u00a0cm.<\/p>\n<p>-Regulable de 80 a 110 cm.<\/p>\n","protected":false},"excerpt":{"rendered":"<p>Cintur\u00f3n para la realizaci\u00f3n de ejercicios con piruetas.\u00d8 Di\u00e1metro: 38 cm<br \/>\nDi\u00e1metro 38 cm y regulable de 80 a 110 cm.<\/p>\n","protected":false},"featured_media":71840,"template":"","meta":{"_et_pb_use_builder":"","_et_pb_old_content":"","_et_gb_content_width":""},"product_brand":[5511],"product_cat":[8027,8049],"product_tag":[],"class_list":{"0":"post-71839","1":"product","2":"type-product","3":"status-publish","4":"has-post-thumbnail","6":"product_brand-gymnova","7":"product_cat-acessorios-de-entrenamiento","8":"product_cat-gymnova-es","10":"first","11":"onbackorder","12":"taxable","13":"shipping-taxable","14":"product-type-simple"},"_links":{"self":[{"href":"https:\/\/gymnos.pt\/es\/wp-json\/wp\/v2\/product\/71839","targetHints":{"allow":["GET"]}}],"collection":[{"href":"https:\/\/gymnos.pt\/es\/wp-json\/wp\/v2\/product"}],"about":[{"href":"https:\/\/gymnos.pt\/es\/wp-json\/wp\/v2\/types\/product"}],"wp:featuredmedia":[{"embeddable":true,"href":"https:\/\/gymnos.pt\/es\/wp-json\/wp\/v2\/media\/71840"}],"wp:attachment":[{"href":"https:\/\/gymnos.pt\/es\/wp-json\/wp\/v2\/media?parent=71839"}],"wp:term":[{"taxonomy":"product_brand","embeddable":true,"href":"https:\/\/gymnos.pt\/es\/wp-json\/wp\/v2\/product_brand?post=71839"},{"taxonomy":"product_cat","embeddable":true,"href":"https:\/\/gymnos.pt\/es\/wp-json\/wp\/v2\/product_cat?post=71839"},{"taxonomy":"product_tag","embeddable":true,"href":"https:\/\/gymnos.pt\/es\/wp-json\/wp\/v2\/product_tag?post=71839"}],"curies":[{"name":"wp","href":"https:\/\/api.w.org\/{rel}","templated":true}]}}