{"id":71830,"date":"2021-04-10T09:03:42","date_gmt":"2018-04-10T09:03:42","guid":{"rendered":"https:\/\/gymnos.pt\/?post_type=product&#038;p=71830"},"modified":"2025-05-28T17:56:24","modified_gmt":"2025-05-28T17:56:24","slug":"wedge-foam-module180410090342-3","status":"publish","type":"product","link":"https:\/\/gymnos.pt\/es\/produto\/wedge-foam-module180410090342-3\/","title":{"rendered":"PLANO INCLINADO 150x60x60 cm"},"content":{"rendered":"<p><strong><em>Despu\u00e9s de completar la compra, enviaremos por correo electr\u00f3nico informaci\u00f3n sobre los costos de transporte.<\/em><\/strong><\/p>\n<p><strong><span style=\"color: #ff0000;\">M\u00d3DULO 100% GYMNOS!!!<\/span><\/strong><\/p>\n<ul>\n<li>Espuma de alta densidad para mayor comodidad.<\/li>\n<li>Cubierta de tela de PVC de 610 g\/m2 para mayor robustez e impermeable para facilitar la limpieza\/higienizaci\u00f3n, con tratamiento ign\u00edfugo M2, libre de ftalatos o productos nocivos para la salud de los ni\u00f1os, cumpliendo con las normas europeas de seguridad.<\/li>\n<li>Base de tela de PVC antideslizante de 600 g\/m2 para mayor agarre.<\/li>\n<li>Piezas cosidas con hilo de poli\u00e9ster de alta resistencia, con un proceso que oculta el cursor de la cremallera, impidiendo el acceso de los ni\u00f1os al interior de las piezas.<\/li>\n<\/ul>\n<p><strong>Dimensiones: 150x60x60 cm.<\/strong><\/p>\n","protected":false},"excerpt":{"rendered":"<p><strong>Dimensiones: 150x60x60 cm.<\/strong><\/p>\n<p>Transporte no incluido<br \/>\n(precio de env\u00edo a definir).<\/p>\n","protected":false},"featured_media":98761,"template":"","meta":{"_et_pb_use_builder":"","_et_pb_old_content":"","_et_gb_content_width":""},"product_brand":[5522],"product_cat":[8055,8039,8047],"product_tag":[],"class_list":{"0":"post-71830","1":"product","2":"type-product","3":"status-publish","4":"has-post-thumbnail","6":"product_brand-gymnos","7":"product_cat-modulos-es","8":"product_cat-colchonetas","9":"product_cat-gymnos-es","11":"first","12":"instock","13":"taxable","14":"shipping-taxable","15":"purchasable","16":"product-type-simple"},"_links":{"self":[{"href":"https:\/\/gymnos.pt\/es\/wp-json\/wp\/v2\/product\/71830","targetHints":{"allow":["GET"]}}],"collection":[{"href":"https:\/\/gymnos.pt\/es\/wp-json\/wp\/v2\/product"}],"about":[{"href":"https:\/\/gymnos.pt\/es\/wp-json\/wp\/v2\/types\/product"}],"wp:featuredmedia":[{"embeddable":true,"href":"https:\/\/gymnos.pt\/es\/wp-json\/wp\/v2\/media\/98761"}],"wp:attachment":[{"href":"https:\/\/gymnos.pt\/es\/wp-json\/wp\/v2\/media?parent=71830"}],"wp:term":[{"taxonomy":"product_brand","embeddable":true,"href":"https:\/\/gymnos.pt\/es\/wp-json\/wp\/v2\/product_brand?post=71830"},{"taxonomy":"product_cat","embeddable":true,"href":"https:\/\/gymnos.pt\/es\/wp-json\/wp\/v2\/product_cat?post=71830"},{"taxonomy":"product_tag","embeddable":true,"href":"https:\/\/gymnos.pt\/es\/wp-json\/wp\/v2\/product_tag?post=71830"}],"curies":[{"name":"wp","href":"https:\/\/api.w.org\/{rel}","templated":true}]}}