{"id":71814,"date":"2021-03-20T11:02:43","date_gmt":"2018-03-29T11:02:43","guid":{"rendered":"https:\/\/gymnos.pt\/?post_type=product&#038;p=71814"},"modified":"2023-09-27T11:31:59","modified_gmt":"2023-09-27T11:31:59","slug":"m-dulo-rockin-gym-mediano","status":"publish","type":"product","link":"https:\/\/gymnos.pt\/es\/produto\/m-dulo-rockin-gym-mediano\/","title":{"rendered":"ROCKING&#8217;GYM MODELO MEDIANO"},"content":{"rendered":"<p>Este nuevo m\u00f3dulo de aprendizaje, destinado a gimnastas de hasta 1,60\u00a0m de estatura, permite practicar la t\u00e9cnica de los flic flac y las palomas.<br \/>\nGracias a su forma espec\u00edfica, el m\u00f3dulo recupera su posici\u00f3n inicial tras cada uso y sostiene correctamente al gimnasta en todos sus movimientos.<br \/>\nSu caracter\u00edstica especial es que bascula autom\u00e1ticamente hacia atr\u00e1s cuando las bases del elemento (flic&#8230;) son las correctas y se domina el impulso (el peso del cuerpo se transfiere hacia atr\u00e1s).<br \/>\nPermite as\u00ed una rotaci\u00f3n controlada y una sujeci\u00f3n \u00f3ptima, trabajando al mismo tiempo el vuelo correcto.<br \/>\nM\u00f3dulo bicolor fabricado en espuma de poli\u00e9ter y revestido con una funda de PVC 1000 deniers, sin ftalatos, con clasificaci\u00f3n M2 de resistencia al fuego.<br \/>\nLa funda del m\u00f3dulo se puede retirar por completo y est\u00e1 provisto de 2 asas para facilitar el transporte.<\/p>\n","protected":false},"excerpt":{"rendered":"<p>ROCKIN&#8217;GYM mediano 100x70x87 cm para gimnastas hasta 1.60 m de estatura.<\/p>\n<p>&nbsp;<\/p>\n<p>&nbsp;<\/p>\n","protected":false},"featured_media":71815,"template":"","meta":{"_et_pb_use_builder":"","_et_pb_old_content":"","_et_gb_content_width":""},"product_brand":[5511],"product_cat":[8027,8049],"product_tag":[],"class_list":{"0":"post-71814","1":"product","2":"type-product","3":"status-publish","4":"has-post-thumbnail","6":"product_brand-gymnova","7":"product_cat-acessorios-de-entrenamiento","8":"product_cat-gymnova-es","10":"first","11":"instock","12":"taxable","13":"shipping-taxable","14":"purchasable","15":"product-type-simple"},"_links":{"self":[{"href":"https:\/\/gymnos.pt\/es\/wp-json\/wp\/v2\/product\/71814","targetHints":{"allow":["GET"]}}],"collection":[{"href":"https:\/\/gymnos.pt\/es\/wp-json\/wp\/v2\/product"}],"about":[{"href":"https:\/\/gymnos.pt\/es\/wp-json\/wp\/v2\/types\/product"}],"wp:featuredmedia":[{"embeddable":true,"href":"https:\/\/gymnos.pt\/es\/wp-json\/wp\/v2\/media\/71815"}],"wp:attachment":[{"href":"https:\/\/gymnos.pt\/es\/wp-json\/wp\/v2\/media?parent=71814"}],"wp:term":[{"taxonomy":"product_brand","embeddable":true,"href":"https:\/\/gymnos.pt\/es\/wp-json\/wp\/v2\/product_brand?post=71814"},{"taxonomy":"product_cat","embeddable":true,"href":"https:\/\/gymnos.pt\/es\/wp-json\/wp\/v2\/product_cat?post=71814"},{"taxonomy":"product_tag","embeddable":true,"href":"https:\/\/gymnos.pt\/es\/wp-json\/wp\/v2\/product_tag?post=71814"}],"curies":[{"name":"wp","href":"https:\/\/api.w.org\/{rel}","templated":true}]}}