{"id":71772,"date":"2021-03-15T11:24:56","date_gmt":"2018-03-28T11:24:56","guid":{"rendered":"https:\/\/gymnos.pt\/?post_type=product&#038;p=71772"},"modified":"2025-07-01T12:57:58","modified_gmt":"2025-07-01T12:57:58","slug":"mini-trampol-n-open-end","status":"publish","type":"product","link":"https:\/\/gymnos.pt\/es\/produto\/mini-trampol-n-open-end\/","title":{"rendered":"MINI TRAMPOL\u00cdN OPEN-END"},"content":{"rendered":"<p><strong>DESPU\u00c9S DE FINALIZAR LA COMPRA LE ENVIAREMOS, POR CORREO ELECTR\u00d3NICO, INFORMACI\u00d3N SOBRE LOS COSTES DE TRANSPORTE.<\/strong><\/p>\n<p><strong>Dimensiones:<\/strong><\/p>\n<p>&#8211; Estacionado: <span class=\"value\">120 x\u00a0<\/span><span class=\"value\">120 x\u00a0<\/span><span class=\"value\">35.5-37.5 cm<\/span><br \/>\n&#8211; Guardado: <span class=\"value\">140 x\u00a0<\/span><span class=\"value\">125 x 12 cm<\/span><br \/>\n&#8211; P\/ transporte: <span class=\"value\">140 x\u00a0<\/span><span class=\"value\">125 x 12 cm<\/span><\/p>\n<p><span class=\"key\">&#8211; Ajuste, Serie:\u00a0<\/span><span class=\"value\">14\u00b0-19\u00b0<\/span><\/p>\n<p><span class=\"key\">&#8211; Profundidad de inmersi\u00f3n:\u00a0<\/span><span class=\"value\">48 cm<\/span><\/p>\n<hr \/>\n<p>El Mini Trampol\u00edn Open-End es una versi\u00f3n modificada del probado Mini Trampol\u00edn. El marco oval plano con una zona de salto sin marco a la entrada y salida del trampol\u00edn ofrece un gran rendimiento y es especialmente adecuado para los saltos m\u00e1s dif\u00edciles. A trav\u00e9s de la zona libre de obst\u00e1culos de entrada y salida, el Mini Trampol\u00edn Open-End conlleva m\u00e1s seguridad.<\/p>\n<p>El trampol\u00edn se ofrece con una zona de salto de alto rendimiento hecha de bandas de nylon de <strong>13 mm<\/strong> de ancho, como caracter\u00edstica <strong>est\u00e1ndar<\/strong>. A\u00fan m\u00e1s poderoso es el modelo <strong>premium<\/strong>, que est\u00e1 equipado con una zona de salto de nylon de <strong>6 mm<\/strong> de espesor.<\/p>\n<p><strong>Detalles del producto:<\/strong><br \/>\n\u2022 Cuadro: tubo ovalado de acero especial galvanizado 120 x 120 cm<br \/>\n\u2022 Pies: tubo redondo de acero especial galvanizado y altura ajustable<br \/>\n\u2022 Zona de salto 60&#215;70 cm, en las versiones de bandas de nylon 6 mm y 13 mm<br \/>\n\u2022 32 muelles de acero galvanizado (185 mm y \u220532 mm)<br \/>\n\u2022 Borde de protecci\u00f3n resistente y absorbente de impacto<\/p>\n","protected":false},"excerpt":{"rendered":"<p>Mini Trampol\u00edn Open-end con cama de nylon y 32 muelles de acero.<\/p>\n<p>3 modelos \u00abPremium\u00bb, \u00abStandard\u00bb y \u00abSchool\u00bb.<\/p>\n<p>&nbsp;<\/p>\n","protected":false},"featured_media":71776,"template":"","meta":{"_et_pb_use_builder":"","_et_pb_old_content":"","_et_gb_content_width":""},"product_brand":[5507],"product_cat":[8045],"product_tag":[],"class_list":{"0":"post-71772","1":"product","2":"type-product","3":"status-publish","4":"has-post-thumbnail","6":"product_brand-eurotramp","7":"product_cat-eurotramp-es","8":"pa_model-premium-es","9":"pa_model-school-es","10":"pa_model-standard-es","12":"first","13":"instock","14":"taxable","15":"shipping-taxable","16":"purchasable","17":"product-type-variable"},"_links":{"self":[{"href":"https:\/\/gymnos.pt\/es\/wp-json\/wp\/v2\/product\/71772","targetHints":{"allow":["GET"]}}],"collection":[{"href":"https:\/\/gymnos.pt\/es\/wp-json\/wp\/v2\/product"}],"about":[{"href":"https:\/\/gymnos.pt\/es\/wp-json\/wp\/v2\/types\/product"}],"wp:featuredmedia":[{"embeddable":true,"href":"https:\/\/gymnos.pt\/es\/wp-json\/wp\/v2\/media\/71776"}],"wp:attachment":[{"href":"https:\/\/gymnos.pt\/es\/wp-json\/wp\/v2\/media?parent=71772"}],"wp:term":[{"taxonomy":"product_brand","embeddable":true,"href":"https:\/\/gymnos.pt\/es\/wp-json\/wp\/v2\/product_brand?post=71772"},{"taxonomy":"product_cat","embeddable":true,"href":"https:\/\/gymnos.pt\/es\/wp-json\/wp\/v2\/product_cat?post=71772"},{"taxonomy":"product_tag","embeddable":true,"href":"https:\/\/gymnos.pt\/es\/wp-json\/wp\/v2\/product_tag?post=71772"}],"curies":[{"name":"wp","href":"https:\/\/api.w.org\/{rel}","templated":true}]}}