{"id":71761,"date":"2021-03-15T11:12:33","date_gmt":"2018-03-28T11:12:33","guid":{"rendered":"https:\/\/gymnos.pt\/?post_type=product&#038;p=71761"},"modified":"2024-07-18T11:17:06","modified_gmt":"2024-07-18T11:17:06","slug":"mini-trampol-n-125","status":"publish","type":"product","link":"https:\/\/gymnos.pt\/es\/produto\/mini-trampol-n-125\/","title":{"rendered":"MINI TRAMPOL\u00cdN 125"},"content":{"rendered":"<p><strong>DESPU\u00c9S DE FINALIZAR LA COMPRA LE ENVIAREMOS, POR CORREO ELECTR\u00d3NICO, INFORMACI\u00d3N SOBRE LOS COSTES DE TRANSPORTE.<\/strong><\/p>\n<p><strong>Dimensiones:<\/strong><\/p>\n<p>&#8211; Estacionado: <span class=\"value\">125 x\u00a0<\/span><span class=\"value\">125 x\u00a0<\/span><span class=\"value\">35-42 cm<\/span><br \/>\n&#8211; Guardado: <span class=\"value\">130 x\u00a0<\/span><span class=\"value\">130 x 10 cm<\/span><br \/>\n&#8211; P\/ transporte: <span class=\"value\">130 x\u00a0<\/span><span class=\"value\">130 x 10 cm<br \/>\n<\/span><\/p>\n<hr \/>\n<p>El Mini Trampol\u00edn Eurotramp ha sido fabricado por la empresa Eurotramp desde 1960 y se ha desarrollado en el transcurso de los a\u00f1os. Se utiliza generalmente como <strong>trampol\u00edn con \u00e1ngulo de despegue.<\/strong> Hay una gran variedad de usos en las <strong>escuelas o en centros de terapia y rehabilitaci\u00f3n<\/strong>. Hay una amplia gama de usos debido a las muchas variaciones del equipo. Por ejemplo, el Mini Trampol\u00edn est\u00e1 disponible con resortes de acero de alto rendimiento o con cables de goma como una alternativa. Una zona de salto hecha de bandas de nylon de 13 mm de ancho proporciona el nivel de rendimiento necesario para todos los atletas.<\/p>\n<p>El Mini Trampol\u00edn est\u00e1 disponible en dos tama\u00f1os: 112 x 112 cm o 125 x 125 cm.<\/p>\n","protected":false},"excerpt":{"rendered":"<p>Mini Trampol\u00edn 125&#215;125 cm con cama de nylon 13&#215;13 mm (70 x 70 cm) y 32 muelles de acero 185 mm.<\/p>\n<p>Bajo pedido.<\/p>\n","protected":false},"featured_media":71758,"template":"","meta":{"_et_pb_use_builder":"","_et_pb_old_content":"","_et_gb_content_width":""},"product_brand":[5507],"product_cat":[8045],"product_tag":[],"class_list":{"0":"post-71761","1":"product","2":"type-product","3":"status-publish","4":"has-post-thumbnail","6":"product_brand-eurotramp","7":"product_cat-eurotramp-es","9":"first","10":"onbackorder","11":"taxable","12":"shipping-taxable","13":"product-type-simple"},"_links":{"self":[{"href":"https:\/\/gymnos.pt\/es\/wp-json\/wp\/v2\/product\/71761","targetHints":{"allow":["GET"]}}],"collection":[{"href":"https:\/\/gymnos.pt\/es\/wp-json\/wp\/v2\/product"}],"about":[{"href":"https:\/\/gymnos.pt\/es\/wp-json\/wp\/v2\/types\/product"}],"wp:featuredmedia":[{"embeddable":true,"href":"https:\/\/gymnos.pt\/es\/wp-json\/wp\/v2\/media\/71758"}],"wp:attachment":[{"href":"https:\/\/gymnos.pt\/es\/wp-json\/wp\/v2\/media?parent=71761"}],"wp:term":[{"taxonomy":"product_brand","embeddable":true,"href":"https:\/\/gymnos.pt\/es\/wp-json\/wp\/v2\/product_brand?post=71761"},{"taxonomy":"product_cat","embeddable":true,"href":"https:\/\/gymnos.pt\/es\/wp-json\/wp\/v2\/product_cat?post=71761"},{"taxonomy":"product_tag","embeddable":true,"href":"https:\/\/gymnos.pt\/es\/wp-json\/wp\/v2\/product_tag?post=71761"}],"curies":[{"name":"wp","href":"https:\/\/api.w.org\/{rel}","templated":true}]}}