{"id":71748,"date":"2021-03-15T09:25:46","date_gmt":"2018-03-28T09:25:46","guid":{"rendered":"https:\/\/gymnos.pt\/?post_type=product&#038;p=71748"},"modified":"2025-07-01T12:57:59","modified_gmt":"2025-07-01T12:57:59","slug":"mini-trampol-n-112-standard","status":"publish","type":"product","link":"https:\/\/gymnos.pt\/es\/produto\/mini-trampol-n-112-standard\/","title":{"rendered":"MINI TRAMPOL\u00cdN 112 \u00abStandard\u00bb"},"content":{"rendered":"<p><strong>DESPU\u00c9S DE FINALIZAR LA COMPRA LE ENVIAREMOS, POR CORREO ELECTR\u00d3NICO, INFORMACI\u00d3N SOBRE LOS COSTES DE TRANSPORTE.<\/strong><\/p>\n<p><strong>Mini Trampol\u00edn 112 \u00abStandard\u00bb<\/strong> &#8211; Cama en perl\u00f3n doble 60 x 60 cm, 4 cables de goma 230 cm o 28 muelles de acero 185 mm.<\/p>\n<p><strong>Dimensiones:<\/strong><\/p>\n<p>&#8211; Estacionado: <span class=\"value\">112 x\u00a0<\/span><span class=\"value\">112 x\u00a0<\/span><span class=\"value\">35.3-40.5 cm<\/span><br \/>\n&#8211; Guardado: <span class=\"value\">120 x\u00a0<\/span><span class=\"value\">117 x 10 cm<\/span><br \/>\n&#8211; P\/ transporte: <span class=\"value\">120 x\u00a0<\/span><span class=\"value\">117 x 10 cm<br \/>\n<\/span><\/p>\n<hr \/>\n<p>El Mini Trampol\u00edn Eurotramp ha sido fabricado por la empresa Eurotramp desde 1960 y se ha desarrollado en el transcurso de los a\u00f1os. Se utiliza generalmente como <strong>trampol\u00edn con \u00e1ngulo de despegue.<\/strong> Hay una gran variedad de usos en las <strong>escuelas o en centros de terapia y rehabilitaci\u00f3n<\/strong>. Hay una amplia gama de usos debido a las muchas variaciones del equipo. Por ejemplo, el Mini Trampol\u00edn est\u00e1 disponible con resortes de acero de alto rendimiento o con cables de goma como una alternativa. Una zona de salto de doble perl\u00f3n puro asegura una buena sensaci\u00f3n de seguridad \u2013 especialmente para los ni\u00f1os de la escuela.<\/p>\n<p>El Mini Trampol\u00edn est\u00e1 disponible en dos tama\u00f1os: 112 x 112 cm o 125 x 125 cm.<\/p>\n","protected":false},"excerpt":{"rendered":"<p>Cama en perl\u00f3n doble 60x 60 cm. Opci\u00f3n de cables de goma o muelles de acero.<\/p>\n<p>Bajo pedido.<\/p>\n","protected":false},"featured_media":71751,"template":"","meta":{"_et_pb_use_builder":"","_et_pb_old_content":"","_et_gb_content_width":""},"product_brand":[5507],"product_cat":[8045],"product_tag":[],"class_list":{"0":"post-71748","1":"product","2":"type-product","3":"status-publish","4":"has-post-thumbnail","6":"product_brand-eurotramp","7":"product_cat-eurotramp-es","8":"pa_model-cables-de-goma-es","9":"pa_model-muelles-de-acero-es","11":"first","12":"outofstock","13":"taxable","14":"shipping-taxable","15":"product-type-variable"},"_links":{"self":[{"href":"https:\/\/gymnos.pt\/es\/wp-json\/wp\/v2\/product\/71748","targetHints":{"allow":["GET"]}}],"collection":[{"href":"https:\/\/gymnos.pt\/es\/wp-json\/wp\/v2\/product"}],"about":[{"href":"https:\/\/gymnos.pt\/es\/wp-json\/wp\/v2\/types\/product"}],"wp:featuredmedia":[{"embeddable":true,"href":"https:\/\/gymnos.pt\/es\/wp-json\/wp\/v2\/media\/71751"}],"wp:attachment":[{"href":"https:\/\/gymnos.pt\/es\/wp-json\/wp\/v2\/media?parent=71748"}],"wp:term":[{"taxonomy":"product_brand","embeddable":true,"href":"https:\/\/gymnos.pt\/es\/wp-json\/wp\/v2\/product_brand?post=71748"},{"taxonomy":"product_cat","embeddable":true,"href":"https:\/\/gymnos.pt\/es\/wp-json\/wp\/v2\/product_cat?post=71748"},{"taxonomy":"product_tag","embeddable":true,"href":"https:\/\/gymnos.pt\/es\/wp-json\/wp\/v2\/product_tag?post=71748"}],"curies":[{"name":"wp","href":"https:\/\/api.w.org\/{rel}","templated":true}]}}