{"id":71734,"date":"2021-02-22T10:20:06","date_gmt":"2018-03-19T10:20:06","guid":{"rendered":"https:\/\/gymnos.pt\/?post_type=product&#038;p=71734"},"modified":"2024-07-18T11:21:26","modified_gmt":"2024-07-18T11:21:26","slug":"trampol-n-4x4-ultimate-completo","status":"publish","type":"product","link":"https:\/\/gymnos.pt\/es\/produto\/trampol-n-4x4-ultimate-completo\/","title":{"rendered":"TRAMPOL\u00cdN 4X4 ULTIMATE COMPLETO"},"content":{"rendered":"<p>Para pedidos de presupuesto, por favor\u00a0CONT\u00c1CTENOS.<\/p>\n<p><strong>Trampol\u00edn:<\/strong><br \/>\n&#8211; Estacionado: 520 x 305 x 115 cm<br \/>\n&#8211; Guardado: 334 x 80 x 197-220 cm<br \/>\n&#8211; P\/ transporte: 334 x 80 x 220 cm<\/p>\n<p><strong>Mesa de seguridad:<\/strong> 185 x 265 x 115 cm<\/p>\n<p><strong>Colchoneta de seguridad:<\/strong> 300 x 200 x 20 cm<br \/>\n<strong>Escudete:<\/strong> 300 x 40 x 20 cm (amovible)<\/p>\n<hr \/>\n<p>Este impresionante equipo es una obra de arte que tiene mejoras sobresalientes en la durabilidad, la facilidad de uso, seguridad y estabilidad. Probado y comprobado por muchos de los mejores gimnastas del mundo y el apoyo de Rebound Products (Dave Ross), el Ultimate es un gran paso y el enriquecimiento de la familia del trampol\u00edn.<\/p>\n<p><strong>Todas las ventajas en un vistazo<br \/>\n<\/strong>\u2022 200% m\u00e1s de tensi\u00f3n en la secci\u00f3n de los apoyos, dando una\u00a0excelente estabilidad\u00a0a la estructura<br \/>\n\u2022 Caracter\u00edsticas de rendimiento consistente a largo plazo y la reducci\u00f3n del tiempo de \u201cjump-in\u201d<br \/>\n\u2022 Balance extraordinario entre la flexibilidad de la estructura y su fuerza, con marce en acero de alta tecnolog\u00eda de calidad suprema<br \/>\n\u2022\u00a0\u201cEasy-Lock-System\u201d\u00a0para configurar el trampol\u00edn m\u00e1s r\u00e1pida y eficazmente<br \/>\n\u2022\u00a0Precisi\u00f3n del corte laser\u00a0que da al nuevo dise\u00f1o del marco un mayor potencial de seguridad<br \/>\n\u2022 Dise\u00f1o de ingenier\u00ed \u00fanico para la bisagra con cojinetes de bloque de fricci\u00f3n que da m\u00e1s resistencia a desgaste<br \/>\n\u2022 \u201cUltimate\u201d \u2013 Resortes para una din\u00e1mica y la longevidad \u00f3ptimas<br \/>\n\u2022 Disponible con acolchado plegable en 32 mm, 50 mm o acolchado en 50 mm fijo<\/p>\n<p>Las mesas y colchonetas de seguridad \u201dUniversal\u201c ofrecen el est\u00e1ndar \u00f3ptimo de seguridad para el entrenamiento y la competici\u00f3n. Las mesas de seguridad, fabricadas especialmente con el acero probado para Eurotramp, son extremadamente estables.<\/p>\n<p>Adem\u00e1s, los componentes de los materiales seleccionados cuidadosamente garantizan la longevidad. Las colchonetas con escudete consisten en una espuma PE de alta calidad que logra una amortiguaci\u00f3n \u00f3ptima y, por lo tanto, minimiza el riesgo de lesiones; la cubierta consiste en una lona PVC especial, resistente contra roturas. El escudete se puede quitar en pocos segundos, de modo que las colchonetas tambi\u00e9n pueden ser usadas de otra manera.<\/p>\n<p>Si es necesario colocar dos trampolines uno al lado del otro, tambi\u00e9n es posible colocar s\u00f3lo una mesa de seguridad entre los trampolines.<\/p>\n","protected":false},"excerpt":{"rendered":"<p>Trampol\u00edn 4&#215;4 Ultimate, 50 mm de colchoneta de protecci\u00f3n plegable, 1 par de soporte de ruedas elevador o soporte de ruedas elevador \u00abSafe &amp; Comfort\u00bb.<br \/>\nPlataformas(1 par) y colchonetas (1 par) de seguridad \u00abUniversal\u00bb.<br \/>\nPrecio bajo consulta.<\/p>\n","protected":false},"featured_media":71735,"template":"","meta":{"_et_pb_use_builder":"","_et_pb_old_content":"","_et_gb_content_width":""},"product_brand":[5507],"product_cat":[8045],"product_tag":[],"class_list":{"0":"post-71734","1":"product","2":"type-product","3":"status-publish","4":"has-post-thumbnail","6":"product_brand-eurotramp","7":"product_cat-eurotramp-es","9":"first","10":"onbackorder","11":"taxable","12":"shipping-taxable","13":"product-type-simple"},"_links":{"self":[{"href":"https:\/\/gymnos.pt\/es\/wp-json\/wp\/v2\/product\/71734","targetHints":{"allow":["GET"]}}],"collection":[{"href":"https:\/\/gymnos.pt\/es\/wp-json\/wp\/v2\/product"}],"about":[{"href":"https:\/\/gymnos.pt\/es\/wp-json\/wp\/v2\/types\/product"}],"wp:featuredmedia":[{"embeddable":true,"href":"https:\/\/gymnos.pt\/es\/wp-json\/wp\/v2\/media\/71735"}],"wp:attachment":[{"href":"https:\/\/gymnos.pt\/es\/wp-json\/wp\/v2\/media?parent=71734"}],"wp:term":[{"taxonomy":"product_brand","embeddable":true,"href":"https:\/\/gymnos.pt\/es\/wp-json\/wp\/v2\/product_brand?post=71734"},{"taxonomy":"product_cat","embeddable":true,"href":"https:\/\/gymnos.pt\/es\/wp-json\/wp\/v2\/product_cat?post=71734"},{"taxonomy":"product_tag","embeddable":true,"href":"https:\/\/gymnos.pt\/es\/wp-json\/wp\/v2\/product_tag?post=71734"}],"curies":[{"name":"wp","href":"https:\/\/api.w.org\/{rel}","templated":true}]}}