{"id":71723,"date":"2021-03-05T13:19:46","date_gmt":"2018-03-16T13:19:46","guid":{"rendered":"https:\/\/gymnos.pt\/?post_type=product&#038;p=71723"},"modified":"2024-07-18T11:18:37","modified_gmt":"2024-07-18T11:18:37","slug":"safety-mats-integral-3","status":"publish","type":"product","link":"https:\/\/gymnos.pt\/es\/produto\/safety-mats-integral-3\/","title":{"rendered":"COLCHONETAS DE SEGURIDAD \u00abINTEGRAL\u00bb"},"content":{"rendered":"<p><strong>\u00a0PARA PEDIDOS DE PRESUPUESTO, POR FAVOR\u00a0CONT\u00c1CTENOS.<\/strong><\/p>\n<p><strong>Dimensiones:<\/strong><\/p>\n<p>&#8211; Colchoneta de seguridad: 300 x 200 x 20 cm;<br \/>\n&#8211; Escudete: 300 x 40 x 20 cm (amovible).<\/p>\n<p>Las colchonetas de seguridad \u201dIntegral\u201c ofrecen el est\u00e1ndar \u00f3ptimo de seguridad para el entrenamiento y la competici\u00f3n.\u00a0Adem\u00e1s, los componentes de los materiales seleccionados cuidadosamente garantizan la longevidad.<\/p>\n<p>Las colchonetas con escudete consisten en una espuma PE de alta calidad que logra una amortiguaci\u00f3n \u00f3ptima y, por lo tanto, minimiza el riesgo de lesiones; la cubierta consiste en una lona PVC especial, resistente contra roturas. El escudete se puede quitar en pocos segundos, de modo que las colchonetas tambi\u00e9n pueden ser usadas de otra manera. Si es necesario colocar dos trampolines uno al lado del otro, tambi\u00e9n es posible colocar s\u00f3lo una mesa de seguridad entre los trampolines.<\/p>\n<p>&nbsp;<\/p>\n","protected":false},"excerpt":{"rendered":"<p>Colchonetas de seguridad \u00abIntegral\u00bb (1 par) para Grand Master.<br \/>\nPrecio bajo consulta.<\/p>\n","protected":false},"featured_media":84911,"template":"","meta":{"_et_pb_use_builder":"","_et_pb_old_content":"","_et_gb_content_width":""},"product_brand":[5507],"product_cat":[8045],"product_tag":[],"class_list":{"0":"post-71723","1":"product","2":"type-product","3":"status-publish","4":"has-post-thumbnail","6":"product_brand-eurotramp","7":"product_cat-eurotramp-es","9":"first","10":"onbackorder","11":"taxable","12":"shipping-taxable","13":"product-type-simple"},"_links":{"self":[{"href":"https:\/\/gymnos.pt\/es\/wp-json\/wp\/v2\/product\/71723","targetHints":{"allow":["GET"]}}],"collection":[{"href":"https:\/\/gymnos.pt\/es\/wp-json\/wp\/v2\/product"}],"about":[{"href":"https:\/\/gymnos.pt\/es\/wp-json\/wp\/v2\/types\/product"}],"wp:featuredmedia":[{"embeddable":true,"href":"https:\/\/gymnos.pt\/es\/wp-json\/wp\/v2\/media\/84911"}],"wp:attachment":[{"href":"https:\/\/gymnos.pt\/es\/wp-json\/wp\/v2\/media?parent=71723"}],"wp:term":[{"taxonomy":"product_brand","embeddable":true,"href":"https:\/\/gymnos.pt\/es\/wp-json\/wp\/v2\/product_brand?post=71723"},{"taxonomy":"product_cat","embeddable":true,"href":"https:\/\/gymnos.pt\/es\/wp-json\/wp\/v2\/product_cat?post=71723"},{"taxonomy":"product_tag","embeddable":true,"href":"https:\/\/gymnos.pt\/es\/wp-json\/wp\/v2\/product_tag?post=71723"}],"curies":[{"name":"wp","href":"https:\/\/api.w.org\/{rel}","templated":true}]}}