{"id":71714,"date":"2021-03-05T12:13:33","date_gmt":"2018-03-16T12:13:33","guid":{"rendered":"https:\/\/gymnos.pt\/?post_type=product&#038;p=71714"},"modified":"2024-07-18T11:20:48","modified_gmt":"2024-07-18T11:20:48","slug":"banquetes-seguranca-integral-2","status":"publish","type":"product","link":"https:\/\/gymnos.pt\/es\/produto\/banquetes-seguranca-integral-2\/","title":{"rendered":"Plataformas de Seguridad \u00bbIntegral\u00bb"},"content":{"rendered":"<p><strong>PARA PEDIDOS DE PERSUPUESTO, POR FAVOR\u00a0CONT\u00c1CTENOS.<\/strong><\/p>\n<p><strong>Dimensiones:<\/strong><\/p>\n<p>&#8211; Estructura en tubo de acero ovalado: 185 x 265 x 115 cm.<\/p>\n<p>Las mesas de seguridad \u201dUniversal\u201c ofrecen el est\u00e1ndar \u00f3ptimo de seguridad para el entrenamiento y la competici\u00f3n. Fabricadas especialmente con el acero probado para Eurotramp, son extremadamente estables.<\/p>\n<p>Adem\u00e1s, los componentes de los materiales seleccionados cuidadosamente garantizan la longevidad. Si es necesario colocar dos trampolines uno al lado del otro, tambi\u00e9n es posible colocar s\u00f3lo una mesa de seguridad entre los trampolines.<\/p>\n","protected":false},"excerpt":{"rendered":"<p>Plataformas de seguridad \u00abIntegral\u00bb (par).<br \/>\nAdecuado para todos los trampolines Ultimate y Grand Master con certificado FIG.<br \/>\nPrecio bajo pedido.<\/p>\n","protected":false},"featured_media":84915,"template":"","meta":{"_et_pb_use_builder":"","_et_pb_old_content":"","_et_gb_content_width":""},"product_brand":[5507],"product_cat":[8045],"product_tag":[],"class_list":{"0":"post-71714","1":"product","2":"type-product","3":"status-publish","4":"has-post-thumbnail","6":"product_brand-eurotramp","7":"product_cat-eurotramp-es","9":"first","10":"onbackorder","11":"taxable","12":"shipping-taxable","13":"product-type-simple"},"_links":{"self":[{"href":"https:\/\/gymnos.pt\/es\/wp-json\/wp\/v2\/product\/71714","targetHints":{"allow":["GET"]}}],"collection":[{"href":"https:\/\/gymnos.pt\/es\/wp-json\/wp\/v2\/product"}],"about":[{"href":"https:\/\/gymnos.pt\/es\/wp-json\/wp\/v2\/types\/product"}],"wp:featuredmedia":[{"embeddable":true,"href":"https:\/\/gymnos.pt\/es\/wp-json\/wp\/v2\/media\/84915"}],"wp:attachment":[{"href":"https:\/\/gymnos.pt\/es\/wp-json\/wp\/v2\/media?parent=71714"}],"wp:term":[{"taxonomy":"product_brand","embeddable":true,"href":"https:\/\/gymnos.pt\/es\/wp-json\/wp\/v2\/product_brand?post=71714"},{"taxonomy":"product_cat","embeddable":true,"href":"https:\/\/gymnos.pt\/es\/wp-json\/wp\/v2\/product_cat?post=71714"},{"taxonomy":"product_tag","embeddable":true,"href":"https:\/\/gymnos.pt\/es\/wp-json\/wp\/v2\/product_tag?post=71714"}],"curies":[{"name":"wp","href":"https:\/\/api.w.org\/{rel}","templated":true}]}}