{"id":71698,"date":"2021-02-22T10:24:32","date_gmt":"2018-02-20T10:24:32","guid":{"rendered":"https:\/\/gymnos.pt\/?post_type=product&#038;p=71698"},"modified":"2024-07-18T11:21:21","modified_gmt":"2024-07-18T11:21:21","slug":"ultimate-4x4-trampoline-3","status":"publish","type":"product","link":"https:\/\/gymnos.pt\/es\/produto\/ultimate-4x4-trampoline-3\/","title":{"rendered":"TRAMPOL\u00cdN 4X4 ULTIMATE"},"content":{"rendered":"<p>PARA PEDIDOS DE PRESUPUESTO, POR FAVOR\u00a0CONT\u00c1CTENOS.<\/p>\n<p>&nbsp;<\/p>\n<p><strong>Dimensiones:<\/strong><\/p>\n<p>&#8211; Estacionado: 520 x 305 x 115 cm<br \/>\n&#8211; Guardado: 334 x 80 x 197-220 cm<br \/>\n&#8211; P\/ transporte: 334 x 80 x 220 cm<\/p>\n<hr \/>\n<p>Este impresionante equipo es una obra de arte que tiene mejoras sobresalientes en la durabilidad, la facilidad de uso, seguridad y estabilidad. Probado y comprobado por muchos de los mejores gimnastas del mundo y el apoyo de Rebound Products (Dave Ross), el Ultimate es un gran paso y el enriquecimiento de la familia del trampol\u00edn. Por eso fue elegido como trampol\u00edn oficial de los Juegos Ol\u00edmpicos Brasil 2016 y Tokio 2020.<\/p>\n<p><strong>Todas las ventajas en un vistazo<br \/>\n<\/strong>\u2022 200% m\u00e1s de tensi\u00f3n en la secci\u00f3n de los apoyos, dando una\u00a0excelente estabilidad\u00a0a la estructura<br \/>\n\u2022 Caracter\u00edsticas de rendimiento consistente a largo plazo y la reducci\u00f3n del tiempo de \u201cjump-in\u201d<br \/>\n\u2022 Balance extraordinario entre la flexibilidad de la estructura y su fuerza, con marce en acero de alta tecnolog\u00eda de calidad suprema<br \/>\n\u2022\u00a0\u201cEasy-Lock-System\u201d\u00a0para configurar el trampol\u00edn m\u00e1s r\u00e1pida y eficazmente<br \/>\n\u2022\u00a0Precisi\u00f3n del corte laser\u00a0que da al nuevo dise\u00f1o del marco un mayor potencial de seguridad<br \/>\n\u2022 Dise\u00f1o de ingenier\u00ed \u00fanico para la bisagra con cojinetes de bloque de fricci\u00f3n que da m\u00e1s resistencia a desgaste<br \/>\n\u2022 \u201cUltimate\u201d \u2013 Resortes para una din\u00e1mica y la longevidad \u00f3ptimas<br \/>\n\u2022 Disponible con acolchado plegable en 32 mm, 50 mm o acolchado en 50 mm fijo<\/p>\n","protected":false},"excerpt":{"rendered":"<p>Trampol\u00edn 4&#215;4 Ultimate, 50 mm de colchoneta de protecci\u00f3n plegable, 1 par soporte de ruedas elevador o soporte de ruedas elevador \u00abSafe &amp; Comfort\u00bb.<br \/>\nPrecio bajo consulta.<\/p>\n","protected":false},"featured_media":72235,"template":"","meta":{"_et_pb_use_builder":"","_et_pb_old_content":"","_et_gb_content_width":""},"product_brand":[5507],"product_cat":[8045],"product_tag":[],"class_list":{"0":"post-71698","1":"product","2":"type-product","3":"status-publish","4":"has-post-thumbnail","6":"product_brand-eurotramp","7":"product_cat-eurotramp-es","9":"first","10":"onbackorder","11":"taxable","12":"shipping-taxable","13":"product-type-simple"},"_links":{"self":[{"href":"https:\/\/gymnos.pt\/es\/wp-json\/wp\/v2\/product\/71698","targetHints":{"allow":["GET"]}}],"collection":[{"href":"https:\/\/gymnos.pt\/es\/wp-json\/wp\/v2\/product"}],"about":[{"href":"https:\/\/gymnos.pt\/es\/wp-json\/wp\/v2\/types\/product"}],"wp:featuredmedia":[{"embeddable":true,"href":"https:\/\/gymnos.pt\/es\/wp-json\/wp\/v2\/media\/72235"}],"wp:attachment":[{"href":"https:\/\/gymnos.pt\/es\/wp-json\/wp\/v2\/media?parent=71698"}],"wp:term":[{"taxonomy":"product_brand","embeddable":true,"href":"https:\/\/gymnos.pt\/es\/wp-json\/wp\/v2\/product_brand?post=71698"},{"taxonomy":"product_cat","embeddable":true,"href":"https:\/\/gymnos.pt\/es\/wp-json\/wp\/v2\/product_cat?post=71698"},{"taxonomy":"product_tag","embeddable":true,"href":"https:\/\/gymnos.pt\/es\/wp-json\/wp\/v2\/product_tag?post=71698"}],"curies":[{"name":"wp","href":"https:\/\/api.w.org\/{rel}","templated":true}]}}