{"id":71695,"date":"2021-03-05T10:00:11","date_gmt":"2018-02-20T10:00:11","guid":{"rendered":"https:\/\/gymnos.pt\/?post_type=product&#038;p=71695"},"modified":"2024-07-18T11:21:00","modified_gmt":"2024-07-18T11:21:00","slug":"ultimate-dmt-6x6-3","status":"publish","type":"product","link":"https:\/\/gymnos.pt\/es\/produto\/ultimate-dmt-6x6-3\/","title":{"rendered":"DMT ULTIMATE 6&#215;6"},"content":{"rendered":"<p>Para pedidos de presupuesto, por favor\u00a0CONT\u00c1CTENOS.<\/p>\n<p><strong>Dimensiones:<\/strong><\/p>\n<p>&#8211; Estacionado: 350 x 190 x 70 cm<br \/>\n&#8211; Guardado: 215 x 70 x 197 cm<br \/>\n&#8211; P\/ transporte: 194 x 25 x 190 cm<\/p>\n<p>Un hito para la gimnasia de mini trampolines dobles \u2013 una buena inversi\u00f3n en seguridad, rendimiento y durabilidad! Los entrenadores y los atletas est\u00e1n impresionados por el poder de la nueva Ultimate DMT 6\u00d76<\/p>\n<p><strong>\u00bfQu\u00e9 hay de nuevo?<br \/>\n<\/strong>\u2022 \u00danico en el mundo: Una innovadora zona de salto de alto rendimiento de 6\u00d76 mm<br \/>\n\u2022 Optimizaci\u00f3n de la profundidad de hundimiento en el centro de la zona de salto para una mejor seguridad del atleta<br \/>\n\u2022 La nueva cubierta del marco: eficiente, segura y duradera con el nuevo acolchado del marco<br \/>\n\u2022 M\u00e1s potencia y durabilidad debido a la suspensi\u00f3n de resortes optimizada<br \/>\n\u2022 Resortes de alto rendimiento garantizan una consistencia de alto rendimiento<br \/>\n\u2022 Eficiencia energ\u00e9tica \u00fanica para los atletas<br \/>\n\u2022 Comportamiento de salto equilibrado \u00f3ptimo<br \/>\n\u2022 Excelente estabilidad del marco<br \/>\n\u2022 Estructura del marco altamente estable en acero especial.<\/p>\n","protected":false},"excerpt":{"rendered":"<p>Ultimate Doble Mini Trampol\u00edn 6&#215;6, con roller stands.<\/p>\n<p>Precio bajo consulta.<\/p>\n","protected":false},"featured_media":71037,"template":"","meta":{"_et_pb_use_builder":"","_et_pb_old_content":"","_et_gb_content_width":""},"product_brand":[5507],"product_cat":[8045],"product_tag":[],"class_list":{"0":"post-71695","1":"product","2":"type-product","3":"status-publish","4":"has-post-thumbnail","6":"product_brand-eurotramp","7":"product_cat-eurotramp-es","9":"first","10":"onbackorder","11":"taxable","12":"shipping-taxable","13":"product-type-simple"},"_links":{"self":[{"href":"https:\/\/gymnos.pt\/es\/wp-json\/wp\/v2\/product\/71695","targetHints":{"allow":["GET"]}}],"collection":[{"href":"https:\/\/gymnos.pt\/es\/wp-json\/wp\/v2\/product"}],"about":[{"href":"https:\/\/gymnos.pt\/es\/wp-json\/wp\/v2\/types\/product"}],"wp:featuredmedia":[{"embeddable":true,"href":"https:\/\/gymnos.pt\/es\/wp-json\/wp\/v2\/media\/71037"}],"wp:attachment":[{"href":"https:\/\/gymnos.pt\/es\/wp-json\/wp\/v2\/media?parent=71695"}],"wp:term":[{"taxonomy":"product_brand","embeddable":true,"href":"https:\/\/gymnos.pt\/es\/wp-json\/wp\/v2\/product_brand?post=71695"},{"taxonomy":"product_cat","embeddable":true,"href":"https:\/\/gymnos.pt\/es\/wp-json\/wp\/v2\/product_cat?post=71695"},{"taxonomy":"product_tag","embeddable":true,"href":"https:\/\/gymnos.pt\/es\/wp-json\/wp\/v2\/product_tag?post=71695"}],"curies":[{"name":"wp","href":"https:\/\/api.w.org\/{rel}","templated":true}]}}