{"id":71669,"date":"2021-04-06T11:11:33","date_gmt":"2018-02-07T11:11:33","guid":{"rendered":"https:\/\/gymnos.pt\/?post_type=product&#038;p=71669"},"modified":"2024-07-18T08:45:10","modified_gmt":"2024-07-18T08:45:10","slug":"landing-mat-5-cm180207111133-3","status":"publish","type":"product","link":"https:\/\/gymnos.pt\/es\/produto\/landing-mat-5-cm180207111133-3\/","title":{"rendered":"PACK 5 COLCHONETAS DE RECEPCI\u00d3N 200x100x5"},"content":{"rendered":"<p><strong>*Despu\u00e9s de Finalizar la Compra le enviaremos, por correo electr\u00f3nico, informaci\u00f3n sobre los costes de transporte.<\/strong><\/p>\n<p><strong>\u00a0<\/strong><\/p>\n","protected":false},"excerpt":{"rendered":"<p>Conjunto de 5 colchonetas de recepci\u00f3n 200x100x5 cm.<br \/>\nFunda PVC Premium, Espuma AGL 80 Kg., Base antideslizante y laterales en tela perforada con asas.<br \/>\n<span class=\"s1\">Bajo pedido. <\/span>Transporte no incluido (precio de env\u00edo a definir).<\/p>\n","protected":false},"featured_media":98883,"template":"","meta":{"_et_pb_use_builder":"","_et_pb_old_content":"","_et_gb_content_width":""},"product_brand":[5522],"product_cat":[8113,8039,8047],"product_tag":[],"class_list":{"0":"post-71669","1":"product","2":"type-product","3":"status-publish","4":"has-post-thumbnail","6":"product_brand-gymnos","7":"product_cat-colchoneta-de-aterrizaje","8":"product_cat-colchonetas","9":"product_cat-gymnos-es","10":"pa_mat-size-200x100x5cm-es","12":"first","13":"onbackorder","14":"taxable","15":"shipping-taxable","16":"product-type-simple"},"_links":{"self":[{"href":"https:\/\/gymnos.pt\/es\/wp-json\/wp\/v2\/product\/71669","targetHints":{"allow":["GET"]}}],"collection":[{"href":"https:\/\/gymnos.pt\/es\/wp-json\/wp\/v2\/product"}],"about":[{"href":"https:\/\/gymnos.pt\/es\/wp-json\/wp\/v2\/types\/product"}],"wp:featuredmedia":[{"embeddable":true,"href":"https:\/\/gymnos.pt\/es\/wp-json\/wp\/v2\/media\/98883"}],"wp:attachment":[{"href":"https:\/\/gymnos.pt\/es\/wp-json\/wp\/v2\/media?parent=71669"}],"wp:term":[{"taxonomy":"product_brand","embeddable":true,"href":"https:\/\/gymnos.pt\/es\/wp-json\/wp\/v2\/product_brand?post=71669"},{"taxonomy":"product_cat","embeddable":true,"href":"https:\/\/gymnos.pt\/es\/wp-json\/wp\/v2\/product_cat?post=71669"},{"taxonomy":"product_tag","embeddable":true,"href":"https:\/\/gymnos.pt\/es\/wp-json\/wp\/v2\/product_tag?post=71669"}],"curies":[{"name":"wp","href":"https:\/\/api.w.org\/{rel}","templated":true}]}}