{"id":71363,"date":"2021-04-10T09:49:28","date_gmt":"2016-06-15T09:49:28","guid":{"rendered":"https:\/\/gymnos.pt\/?post_type=product&#038;p=71363"},"modified":"2025-05-29T11:43:07","modified_gmt":"2025-05-29T11:43:07","slug":"foam-vaulting-horse-without-head-3","status":"publish","type":"product","link":"https:\/\/gymnos.pt\/es\/produto\/foam-vaulting-horse-without-head-3\/","title":{"rendered":"CABALLO SIN CABEZA 120x90x120 cm"},"content":{"rendered":"<p><strong><em>Despu\u00e9s de completar la compra, enviaremos informaci\u00f3n sobre los costos de transporte por correo electr\u00f3nico.<\/em><\/strong><\/p>\n<p><span style=\"color: #ff0000;\"><strong>\u00a1\u00a1\u00a1M\u00d3DULO 100% GYMNOS!!!<\/strong><\/span><\/p>\n<p>\u00bb M\u00f3dulo fabricado en espuma de poliuretano de alta densidad para mayor comodidad.<\/p>\n<p>\u00bb Tela de PVC de gran robustez y f\u00e1cil limpieza\/higienizaci\u00f3n, con tratamiento ign\u00edfugo M2, libre de ftalatos o sustancias nocivas para la salud de los ni\u00f1os, respetando las normas de seguridad europeas.<\/p>\n<p>\u00bb Piezas cosidas con hilo de poli\u00e9ster de alta resistencia, con cierre de cremallera oculto, evitando el acceso de los ni\u00f1os al interior de las piezas.<\/p>\n<p>\u00bb Base antideslizante.<\/p>\n<p><strong>Dimensiones: 120 x 90 x 120 cm<\/strong><\/p>\n<p><strong>Superior = 120 x 90 x 30 cm<\/strong><\/p>\n<p><strong>2\u00ba = 120 x 90 x 30 cm<\/strong><\/p>\n<p><strong>1\u00ba = 120 x 90 x 30 cm<\/strong><\/p>\n<p><strong>Base = 120 x 90 x 30 cm<\/strong><\/p>\n","protected":false},"excerpt":{"rendered":"<p>M\u00f3dulo de Espuma Trapezoidal grande, con 4 bloques que se pueden utilizar por separado. Cada bloque tiene pesta\u00f1as laterales con velcro para una mejor uni\u00f3n.<\/p>\n<p><strong>Medidas: 120x90x120 cm<\/strong><\/p>\n<p><em>Transporte no incluido<\/em><br \/>\n<em>(precio de env\u00edo a definir).<\/em><\/p>\n","protected":false},"featured_media":99182,"template":"","meta":{"_et_pb_use_builder":"","_et_pb_old_content":"","_et_gb_content_width":""},"product_brand":[5522],"product_cat":[8039,8047,8055],"product_tag":[],"class_list":{"0":"post-71363","1":"product","2":"type-product","3":"status-publish","4":"has-post-thumbnail","6":"product_brand-gymnos","7":"product_cat-colchonetas","8":"product_cat-gymnos-es","9":"product_cat-modulos-es","11":"first","12":"instock","13":"taxable","14":"shipping-taxable","15":"purchasable","16":"product-type-simple"},"_links":{"self":[{"href":"https:\/\/gymnos.pt\/es\/wp-json\/wp\/v2\/product\/71363","targetHints":{"allow":["GET"]}}],"collection":[{"href":"https:\/\/gymnos.pt\/es\/wp-json\/wp\/v2\/product"}],"about":[{"href":"https:\/\/gymnos.pt\/es\/wp-json\/wp\/v2\/types\/product"}],"wp:featuredmedia":[{"embeddable":true,"href":"https:\/\/gymnos.pt\/es\/wp-json\/wp\/v2\/media\/99182"}],"wp:attachment":[{"href":"https:\/\/gymnos.pt\/es\/wp-json\/wp\/v2\/media?parent=71363"}],"wp:term":[{"taxonomy":"product_brand","embeddable":true,"href":"https:\/\/gymnos.pt\/es\/wp-json\/wp\/v2\/product_brand?post=71363"},{"taxonomy":"product_cat","embeddable":true,"href":"https:\/\/gymnos.pt\/es\/wp-json\/wp\/v2\/product_cat?post=71363"},{"taxonomy":"product_tag","embeddable":true,"href":"https:\/\/gymnos.pt\/es\/wp-json\/wp\/v2\/product_tag?post=71363"}],"curies":[{"name":"wp","href":"https:\/\/api.w.org\/{rel}","templated":true}]}}