{"id":71303,"date":"2016-02-29T11:12:15","date_gmt":"2016-02-29T11:12:15","guid":{"rendered":"https:\/\/gymnos.pt\/?post_type=product&#038;p=71303"},"modified":"2025-07-01T12:59:15","modified_gmt":"2025-07-01T12:59:15","slug":"bicolor-connectable-clubs-masha-pastorelli-2","status":"publish","type":"product","link":"https:\/\/gymnos.pt\/es\/produto\/bicolor-connectable-clubs-masha-pastorelli-2\/","title":{"rendered":"MAZAS A ENCLAVAMIENTO \u00abMASHA\u00bb BICOLOR PASTORELLI \/ SENIOR &#8211; FIG"},"content":{"rendered":"<div class=\"attribute-header\">\n<p>Mazas en pl\u00e1stica y goma para un enclavamiento r\u00e1pido y de forma segura sin el uso de adhesivo adicional. Rebote m\u00ednimo.<\/p>\n<p>&nbsp;<\/p>\n<p>&nbsp;<\/p>\n<p><strong><span style=\"text-decoration: underline;\">GARANT\u00cdA PASTORELLI<\/span><\/strong><\/p>\n<p><strong>Cualquier defecto del producto se debe informar dentro de los 14 d\u00edas posteriores a la compra, por email a <a href=\"mailto:info@gymnos.pt\">info@gymnos.pt<\/a>, enviando una foto del art\u00edculo y el comprobante de compra.<\/strong><\/p>\n<p><strong>La validez de la garant\u00eda est\u00e1 sujeta al hecho de que los art\u00edculos se han sido utilizado correctamente y se han respetado las reglas de uso y mantenimiento.<\/strong><\/p>\n<p><strong>Los defectos causados por: manejo incorrecto, uso de fuerza, carga excesiva, suciedad o humedad, no est\u00e1n cubiertos por la garantia.<\/strong><\/p>\n<p><strong>La falta de utilizaci\u00f3n en tapizes no homologados por la FIG afectar\u00e1n la garant\u00eda desde el primer d\u00eda.<\/strong><\/p>\n<p><strong>En el caso espec\u00edfico de las mazas, la garant\u00eda caduca por completo cuando la gimnasta agrega cinta adhesiva en el agarre de las mazas, comprometiendo de esta manera la elasticidad de las mismas. <\/strong><\/p>\n<p><strong>Siendo <\/strong><strong>materiales consumibles, el desgaste f\u00edsico y est\u00e9tico normal, debido al uso del producto, no implica la garant\u00eda.<\/strong><\/p>\n<\/div>\n","protected":false},"excerpt":{"rendered":"<p>Mazas a enclavamiento pl\u00e1stica-goma, modelo MASHA (par).<br \/>\nAltura: 45.2cm; Peso: 153-155gr.<br \/>\nAprobado por la FIG.<\/p>\n","protected":false},"featured_media":85090,"template":"","meta":{"_et_pb_use_builder":"","_et_pb_old_content":"","_et_gb_content_width":""},"product_brand":[5521],"product_cat":[8141,8085,8057],"product_tag":[],"class_list":{"0":"post-71303","1":"product","2":"type-product","3":"status-publish","4":"has-post-thumbnail","6":"product_brand-pastorelli","7":"product_cat-aparato-de-ritmica","8":"product_cat-ritmica-es","9":"product_cat-pastorelli-es","10":"pa_colour-azul-blanco","11":"pa_colour-blanco-rosa","12":"pa_colour-negro-naranja","13":"pa_colour-violeta-naranja","15":"first","16":"instock","17":"taxable","18":"shipping-taxable","19":"purchasable","20":"product-type-variable"},"_links":{"self":[{"href":"https:\/\/gymnos.pt\/es\/wp-json\/wp\/v2\/product\/71303","targetHints":{"allow":["GET"]}}],"collection":[{"href":"https:\/\/gymnos.pt\/es\/wp-json\/wp\/v2\/product"}],"about":[{"href":"https:\/\/gymnos.pt\/es\/wp-json\/wp\/v2\/types\/product"}],"wp:featuredmedia":[{"embeddable":true,"href":"https:\/\/gymnos.pt\/es\/wp-json\/wp\/v2\/media\/85090"}],"wp:attachment":[{"href":"https:\/\/gymnos.pt\/es\/wp-json\/wp\/v2\/media?parent=71303"}],"wp:term":[{"taxonomy":"product_brand","embeddable":true,"href":"https:\/\/gymnos.pt\/es\/wp-json\/wp\/v2\/product_brand?post=71303"},{"taxonomy":"product_cat","embeddable":true,"href":"https:\/\/gymnos.pt\/es\/wp-json\/wp\/v2\/product_cat?post=71303"},{"taxonomy":"product_tag","embeddable":true,"href":"https:\/\/gymnos.pt\/es\/wp-json\/wp\/v2\/product_tag?post=71303"}],"curies":[{"name":"wp","href":"https:\/\/api.w.org\/{rel}","templated":true}]}}