{"id":71286,"date":"2021-04-06T17:44:23","date_gmt":"2016-02-17T17:44:23","guid":{"rendered":"https:\/\/gymnos.pt\/?post_type=product&#038;p=71286"},"modified":"2020-12-05T19:17:50","modified_gmt":"2020-12-05T19:17:50","slug":"trampoline-mat-3","status":"publish","type":"product","link":"https:\/\/gymnos.pt\/es\/produto\/trampoline-mat-3\/","title":{"rendered":"COLCHONETA SEGURIDAD TRAMPOL\u00cdN 170X110X10 CM"},"content":{"rendered":"<p class=\"p1\"><span class=\"s1\"><\/span><strong>*Despu\u00e9s de Finalizar la Compra le enviaremos, por correo electr\u00f3nico, informaci\u00f3n sobre los costes de transporte.<\/strong><\/p>\n<p><strong>&nbsp;<\/strong><\/p>\n","protected":false},"excerpt":{"rendered":"<p>Colchoneta de seguridad 170x110x10 cm para trampolines en PVC Premium y laterales en tela perforada lateral con asas. Dens.: 20 Kg\/m3.<\/p>\n<p>Transporte no incluido<br \/>\n(precio de env\u00edo a definir).<br \/>\nBajo pedido.<\/p>\n","protected":false},"featured_media":99104,"template":"","meta":{"_et_pb_use_builder":"","_et_pb_old_content":"","_et_gb_content_width":""},"product_brand":[5522],"product_cat":[8144,8039,8047],"product_tag":[],"class_list":{"0":"post-71286","1":"product","2":"type-product","3":"status-publish","4":"has-post-thumbnail","6":"product_brand-gymnos","7":"product_cat-colchones-de-caida","8":"product_cat-colchonetas","9":"product_cat-gymnos-es","11":"first","12":"instock","13":"taxable","14":"shipping-taxable","15":"purchasable","16":"product-type-simple"},"_links":{"self":[{"href":"https:\/\/gymnos.pt\/es\/wp-json\/wp\/v2\/product\/71286","targetHints":{"allow":["GET"]}}],"collection":[{"href":"https:\/\/gymnos.pt\/es\/wp-json\/wp\/v2\/product"}],"about":[{"href":"https:\/\/gymnos.pt\/es\/wp-json\/wp\/v2\/types\/product"}],"wp:featuredmedia":[{"embeddable":true,"href":"https:\/\/gymnos.pt\/es\/wp-json\/wp\/v2\/media\/99104"}],"wp:attachment":[{"href":"https:\/\/gymnos.pt\/es\/wp-json\/wp\/v2\/media?parent=71286"}],"wp:term":[{"taxonomy":"product_brand","embeddable":true,"href":"https:\/\/gymnos.pt\/es\/wp-json\/wp\/v2\/product_brand?post=71286"},{"taxonomy":"product_cat","embeddable":true,"href":"https:\/\/gymnos.pt\/es\/wp-json\/wp\/v2\/product_cat?post=71286"},{"taxonomy":"product_tag","embeddable":true,"href":"https:\/\/gymnos.pt\/es\/wp-json\/wp\/v2\/product_tag?post=71286"}],"curies":[{"name":"wp","href":"https:\/\/api.w.org\/{rel}","templated":true}]}}