{"id":71269,"date":"2021-04-10T14:32:29","date_gmt":"2016-02-17T17:32:29","guid":{"rendered":"https:\/\/gymnos.pt\/?post_type=product&#038;p=71269"},"modified":"2025-05-28T18:09:06","modified_gmt":"2025-05-28T18:09:06","slug":"landing-mat-10-cm-3","status":"publish","type":"product","link":"https:\/\/gymnos.pt\/es\/produto\/landing-mat-10-cm-3\/","title":{"rendered":"COLCH\u00d3N DE RECEPCI\u00d3N 200x100x10 cm"},"content":{"rendered":"<p class=\"p1\"><strong>*Tras finalizar tu compra, te enviaremos informaci\u00f3n sobre los gastos de env\u00edo por correo electr\u00f3nico.<\/strong><\/p>\n<p><span style=\"color: #ff0000;\"><strong>\u00a1\u00a1\u00a1100% COLCHONES GYMNOS!!!<\/strong><\/span><\/p>\n<p>Producidos en nuestras instalaciones \u00edntegramente con un enfoque de calidad y con las siguientes caracter\u00edsticas:<\/p>\n<ul>\n<li>Espuma de densidad 26R para mayor comodidad.<\/li>\n<li>Parte superior de malla de PVC de 610 gr\/m2 para mayor robustez y f\u00e1cil limpieza\/higienizaci\u00f3n.<\/li>\n<li>Laterales de malla de PVC de 610 gr\/m2 y\/o malla de PVC perforada para ventilaci\u00f3n y mayor durabilidad.<\/li>\n<li>Base de malla de PVC antideslizante de 600 gr\/m2 para mayor agarre.<\/li>\n<li>Doble costura para mayor resistencia.<\/li>\n<li>Cerradura de f\u00e1cil reparaci\u00f3n y sustituci\u00f3n.<\/li>\n<li>Asas para facilitar el movimiento y el transporte.<\/li>\n<\/ul>\n","protected":false},"excerpt":{"rendered":"<p>Colch\u00f3n de PVC de 200x100x10 cm o 200x150x10 cm, base antideslizante y laterales perforados con asas. Densidad 26R.<br \/>\nTransporte no incluido (precio del env\u00edo por determinar).<\/p>\n","protected":false},"featured_media":98892,"template":"","meta":{"_et_pb_use_builder":"","_et_pb_old_content":"","_et_gb_content_width":""},"product_brand":[5522],"product_cat":[8113,8039,8047],"product_tag":[],"class_list":{"0":"post-71269","1":"product","2":"type-product","3":"status-publish","4":"has-post-thumbnail","6":"product_brand-gymnos","7":"product_cat-colchoneta-de-aterrizaje","8":"product_cat-colchonetas","9":"product_cat-gymnos-es","11":"first","12":"instock","13":"taxable","14":"shipping-taxable","15":"purchasable","16":"product-type-simple"},"_links":{"self":[{"href":"https:\/\/gymnos.pt\/es\/wp-json\/wp\/v2\/product\/71269","targetHints":{"allow":["GET"]}}],"collection":[{"href":"https:\/\/gymnos.pt\/es\/wp-json\/wp\/v2\/product"}],"about":[{"href":"https:\/\/gymnos.pt\/es\/wp-json\/wp\/v2\/types\/product"}],"wp:featuredmedia":[{"embeddable":true,"href":"https:\/\/gymnos.pt\/es\/wp-json\/wp\/v2\/media\/98892"}],"wp:attachment":[{"href":"https:\/\/gymnos.pt\/es\/wp-json\/wp\/v2\/media?parent=71269"}],"wp:term":[{"taxonomy":"product_brand","embeddable":true,"href":"https:\/\/gymnos.pt\/es\/wp-json\/wp\/v2\/product_brand?post=71269"},{"taxonomy":"product_cat","embeddable":true,"href":"https:\/\/gymnos.pt\/es\/wp-json\/wp\/v2\/product_cat?post=71269"},{"taxonomy":"product_tag","embeddable":true,"href":"https:\/\/gymnos.pt\/es\/wp-json\/wp\/v2\/product_tag?post=71269"}],"curies":[{"name":"wp","href":"https:\/\/api.w.org\/{rel}","templated":true}]}}