{"id":71096,"date":"2021-04-10T16:08:18","date_gmt":"2016-01-29T16:08:18","guid":{"rendered":"https:\/\/gymnos.pt\/?post_type=product&#038;p=71096"},"modified":"2025-07-01T12:57:56","modified_gmt":"2025-07-01T12:57:56","slug":"foam-spotting-block-3","status":"publish","type":"product","link":"https:\/\/gymnos.pt\/es\/produto\/foam-spotting-block-3\/","title":{"rendered":"BLOQUE DE AYUDA (varios tama\u00f1os)"},"content":{"rendered":"<p><strong><em>Despu\u00e9s de completar la compra, enviaremos por correo electr\u00f3nico informaci\u00f3n sobre los costos de transporte.<\/em><\/strong><\/p>\n<p><strong><span style=\"color: #ff0000;\">M\u00d3DULO 100% GYMNOS!!!<\/span><\/strong><\/p>\n<ul>\n<li>Espuma de alta densidad para mayor comodidad.<\/li>\n<li>Cubierta de tela de PVC de 610 g\/m2 para mayor robustez e impermeable para facilitar la limpieza\/higienizaci\u00f3n, con tratamiento ign\u00edfugo M2, libre de ftalatos o productos nocivos para la salud de los ni\u00f1os, cumpliendo con las normas europeas de seguridad.<\/li>\n<li>Base de tela de PVC antideslizante de 600 g\/m2 para mayor agarre.<\/li>\n<li>Piezas cosidas con hilo de poli\u00e9ster de alta resistencia, con un proceso que oculta el cursor de la cremallera, impidiendo el acceso de los ni\u00f1os al interior de las piezas.<\/li>\n<\/ul>\n<p><strong>\u00bb 3 Dimensiones:<\/strong><\/p>\n<p><strong>BLC150 &#8211; 150 x 60 x 50 cm<br \/>\n<\/strong><strong>BLC100 &#8211; 100 x 70 x 50 cm<br \/>\nBLC70 &#8211; 70 x 60 x50 cm<\/strong><\/p>\n","protected":false},"excerpt":{"rendered":"<p><strong>Dispon\u00edvel em 3 Dimensiones:<\/strong><\/p>\n<p><strong>BLC150 &#8211; 150 x 60 x 50 cm<br \/>\n<\/strong><strong>BLC100 &#8211; 100 x 70 x 50 cm<br \/>\nBLC70 &#8211; 70 x 60 x50 cm<\/strong><\/p>\n<p><em>Transporte no incluido<\/em><br \/>\n<em>(precio del env\u00edo por definir)<\/em><\/p>\n","protected":false},"featured_media":99164,"template":"","meta":{"_et_pb_use_builder":"","_et_pb_old_content":"","_et_gb_content_width":""},"product_brand":[5522],"product_cat":[8047,8055],"product_tag":[],"class_list":{"0":"post-71096","1":"product","2":"type-product","3":"status-publish","4":"has-post-thumbnail","6":"product_brand-gymnos","7":"product_cat-gymnos-es","8":"product_cat-modulos-es","9":"pa_model-150x60x50cm-es","10":"pa_model-100x70x50cm-es","11":"pa_model-70x60x50cm-es","13":"first","14":"instock","15":"taxable","16":"shipping-taxable","17":"purchasable","18":"product-type-variable"},"_links":{"self":[{"href":"https:\/\/gymnos.pt\/es\/wp-json\/wp\/v2\/product\/71096","targetHints":{"allow":["GET"]}}],"collection":[{"href":"https:\/\/gymnos.pt\/es\/wp-json\/wp\/v2\/product"}],"about":[{"href":"https:\/\/gymnos.pt\/es\/wp-json\/wp\/v2\/types\/product"}],"wp:featuredmedia":[{"embeddable":true,"href":"https:\/\/gymnos.pt\/es\/wp-json\/wp\/v2\/media\/99164"}],"wp:attachment":[{"href":"https:\/\/gymnos.pt\/es\/wp-json\/wp\/v2\/media?parent=71096"}],"wp:term":[{"taxonomy":"product_brand","embeddable":true,"href":"https:\/\/gymnos.pt\/es\/wp-json\/wp\/v2\/product_brand?post=71096"},{"taxonomy":"product_cat","embeddable":true,"href":"https:\/\/gymnos.pt\/es\/wp-json\/wp\/v2\/product_cat?post=71096"},{"taxonomy":"product_tag","embeddable":true,"href":"https:\/\/gymnos.pt\/es\/wp-json\/wp\/v2\/product_tag?post=71096"}],"curies":[{"name":"wp","href":"https:\/\/api.w.org\/{rel}","templated":true}]}}