{"id":71073,"date":"2021-04-10T15:52:01","date_gmt":"2016-01-29T15:52:01","guid":{"rendered":"https:\/\/gymnos.pt\/?post_type=product&#038;p=71073"},"modified":"2025-05-29T11:43:06","modified_gmt":"2025-05-29T11:43:06","slug":"foam-vaulting-horse-3","status":"publish","type":"product","link":"https:\/\/gymnos.pt\/es\/produto\/foam-vaulting-horse-3\/","title":{"rendered":"CABALLO DE SALTOS 150x80x140 cm"},"content":{"rendered":"<p><strong><em>Despu\u00e9s de completar la compra, enviaremos informaci\u00f3n sobre los costos de transporte por correo electr\u00f3nico.<\/em><\/strong><\/p>\n<p><span style=\"color: #ff0000;\"><strong>\u00a1\u00a1\u00a1M\u00d3DULO 100% GYMNOS!!!<\/strong><\/span><\/p>\n<ul>\n<li>M\u00f3dulo fabricado en espuma de poliuretano de alta densidad para mayor comodidad.<\/li>\n<li>Tela de PVC de gran robustez y f\u00e1cil limpieza\/higienizaci\u00f3n, con tratamiento ign\u00edfugo M2, libre de ftalatos o sustancias nocivas para la salud de los ni\u00f1os, respetando las normas de seguridad europeas.<\/li>\n<li>Piezas cosidas con hilo de poli\u00e9ster de alta resistencia, con cierre de cremallera oculto, evitando el acceso de los ni\u00f1os al interior de las piezas.<\/li>\n<li>Base antideslizante.<\/li>\n<\/ul>\n<p><strong>Dimensiones: 150 x 80 x 140 cm<br \/>\n<\/strong><strong>Superior = 150 x 50 x 30 cm<br \/>\n<\/strong><strong>2\u00ba = 150 x 50 x 20 cm<br \/>\n<\/strong><strong>1\u00ba = 150 x 50 x 20 cm<br \/>\n<\/strong><strong>Base = 150 x 80 x 70 cm<\/strong><\/p>\n","protected":false},"excerpt":{"rendered":"<p>Caballo de saltos en espuma, hecho con 4 bloques (150&#215;80\/50&#215;140 cm) que se pueden utilizar por separado.<\/p>\n<p><strong>Dimensiones: 150x80x140 cm<\/strong><\/p>\n<p>Transporte no incluido<br \/>\n(precio de env\u00edo a definir).<\/p>\n","protected":false},"featured_media":96905,"template":"","meta":{"_et_pb_use_builder":"","_et_pb_old_content":"","_et_gb_content_width":""},"product_brand":[5522],"product_cat":[8039,8047,8055],"product_tag":[],"class_list":{"0":"post-71073","1":"product","2":"type-product","3":"status-publish","4":"has-post-thumbnail","6":"product_brand-gymnos","7":"product_cat-colchonetas","8":"product_cat-gymnos-es","9":"product_cat-modulos-es","11":"first","12":"instock","13":"taxable","14":"shipping-taxable","15":"purchasable","16":"product-type-simple"},"_links":{"self":[{"href":"https:\/\/gymnos.pt\/es\/wp-json\/wp\/v2\/product\/71073","targetHints":{"allow":["GET"]}}],"collection":[{"href":"https:\/\/gymnos.pt\/es\/wp-json\/wp\/v2\/product"}],"about":[{"href":"https:\/\/gymnos.pt\/es\/wp-json\/wp\/v2\/types\/product"}],"wp:featuredmedia":[{"embeddable":true,"href":"https:\/\/gymnos.pt\/es\/wp-json\/wp\/v2\/media\/96905"}],"wp:attachment":[{"href":"https:\/\/gymnos.pt\/es\/wp-json\/wp\/v2\/media?parent=71073"}],"wp:term":[{"taxonomy":"product_brand","embeddable":true,"href":"https:\/\/gymnos.pt\/es\/wp-json\/wp\/v2\/product_brand?post=71073"},{"taxonomy":"product_cat","embeddable":true,"href":"https:\/\/gymnos.pt\/es\/wp-json\/wp\/v2\/product_cat?post=71073"},{"taxonomy":"product_tag","embeddable":true,"href":"https:\/\/gymnos.pt\/es\/wp-json\/wp\/v2\/product_tag?post=71073"}],"curies":[{"name":"wp","href":"https:\/\/api.w.org\/{rel}","templated":true}]}}