{"id":69281,"date":"2015-09-22T10:42:32","date_gmt":"2015-09-22T10:42:32","guid":{"rendered":"https:\/\/gymnos.pt\/?post_type=product&#038;p=69281"},"modified":"2022-09-12T10:48:21","modified_gmt":"2022-09-12T10:48:21","slug":"clubs-fig-3","status":"publish","type":"product","link":"https:\/\/gymnos.pt\/es\/produto\/clubs-fig-3\/","title":{"rendered":"MAZAS PLASTICO PASTORELLI (SENIOR) &#8211; NO CONECTABLE &#8211; BLANCO"},"content":{"rendered":"<p><strong><span style=\"text-decoration: underline;\">GARANT\u00cdA PASTORELLI<\/span><\/strong><\/p>\n<p><strong>Cualquier defecto del producto se debe informar dentro de los 14 d\u00edas posteriores a la compra, por email a <a href=\"mailto:info@gymnos.pt\">info@gymnos.pt<\/a>, enviando una foto del art\u00edculo y el comprobante de compra.<\/strong><\/p>\n<p><strong>La validez de la garant\u00eda est\u00e1 sujeta al hecho de que los art\u00edculos se han sido utilizado correctamente y se han respetado las reglas de uso y mantenimiento.<\/strong><\/p>\n<p><strong>Los defectos causados por: manejo incorrecto, uso de fuerza, carga excesiva, suciedad o humedad, no est\u00e1n cubiertos por la garantia.<\/strong><\/p>\n<p><strong>La falta de utilizaci\u00f3n en tapizes no homologados por la FIG afectar\u00e1n la garant\u00eda desde el primer d\u00eda.<\/strong><\/p>\n<p><strong>En el caso espec\u00edfico de las mazas, la garant\u00eda caduca por completo cuando la gimnasta agrega cinta adhesiva en el agarre de las mazas, comprometiendo de esta manera la elasticidad de las mismas. <\/strong><\/p>\n<p><strong>Siendo <\/strong><strong>materiales consumibles, el desgaste f\u00edsico y est\u00e9tico normal, debido al uso del producto, no implica la garant\u00eda.<\/strong><\/p>\n","protected":false},"excerpt":{"rendered":"<p>Mazas S\u00e9nior en color BLANCO (par).<br \/>\nAltura 44.5cm, peso 154gr.<br \/>\nNO CONECTABLE.<\/p>\n","protected":false},"featured_media":85135,"template":"","meta":{"_et_pb_use_builder":"","_et_pb_old_content":"","_et_gb_content_width":""},"product_brand":[5521],"product_cat":[8141,8085,8057],"product_tag":[],"class_list":{"0":"post-69281","1":"product","2":"type-product","3":"status-publish","4":"has-post-thumbnail","6":"product_brand-pastorelli","7":"product_cat-aparato-de-ritmica","8":"product_cat-ritmica-es","9":"product_cat-pastorelli-es","10":"pa_colour-blanco","12":"first","13":"instock","14":"taxable","15":"shipping-taxable","16":"purchasable","17":"product-type-simple"},"_links":{"self":[{"href":"https:\/\/gymnos.pt\/es\/wp-json\/wp\/v2\/product\/69281","targetHints":{"allow":["GET"]}}],"collection":[{"href":"https:\/\/gymnos.pt\/es\/wp-json\/wp\/v2\/product"}],"about":[{"href":"https:\/\/gymnos.pt\/es\/wp-json\/wp\/v2\/types\/product"}],"wp:featuredmedia":[{"embeddable":true,"href":"https:\/\/gymnos.pt\/es\/wp-json\/wp\/v2\/media\/85135"}],"wp:attachment":[{"href":"https:\/\/gymnos.pt\/es\/wp-json\/wp\/v2\/media?parent=69281"}],"wp:term":[{"taxonomy":"product_brand","embeddable":true,"href":"https:\/\/gymnos.pt\/es\/wp-json\/wp\/v2\/product_brand?post=69281"},{"taxonomy":"product_cat","embeddable":true,"href":"https:\/\/gymnos.pt\/es\/wp-json\/wp\/v2\/product_cat?post=69281"},{"taxonomy":"product_tag","embeddable":true,"href":"https:\/\/gymnos.pt\/es\/wp-json\/wp\/v2\/product_tag?post=69281"}],"curies":[{"name":"wp","href":"https:\/\/api.w.org\/{rel}","templated":true}]}}