{"id":68820,"date":"2015-09-14T15:16:33","date_gmt":"2015-09-14T15:16:33","guid":{"rendered":"https:\/\/gymnos.pt\/?post_type=product&#038;p=68820"},"modified":"2026-01-28T15:56:24","modified_gmt":"2026-01-28T15:56:24","slug":"reisport-cotton-wrist-3","status":"publish","type":"product","link":"https:\/\/gymnos.pt\/es\/produto\/reisport-cotton-wrist-3\/","title":{"rendered":"REISPORT MU\u00d1EQUERAS DE ALGOD\u00d3N"},"content":{"rendered":"","protected":false},"excerpt":{"rendered":"<p>Mu\u00f1equeras de algod\u00f3n REISPORT (Par)<br \/>\nIdeal para la protecci\u00f3n de las mu\u00f1ecas.<\/p>\n","protected":false},"featured_media":68821,"template":"","meta":{"_et_pb_use_builder":"","_et_pb_old_content":"","_et_gb_content_width":""},"product_brand":[5528],"product_cat":[8043,8076,8065],"product_tag":[],"class_list":{"0":"post-68820","1":"product","2":"type-product","3":"status-publish","4":"has-post-thumbnail","6":"product_brand-reisport","7":"product_cat-estafas","8":"product_cat-materiales","9":"product_cat-reisport-es","11":"first","12":"instock","13":"taxable","14":"shipping-taxable","15":"purchasable","16":"product-type-simple"},"_links":{"self":[{"href":"https:\/\/gymnos.pt\/es\/wp-json\/wp\/v2\/product\/68820","targetHints":{"allow":["GET"]}}],"collection":[{"href":"https:\/\/gymnos.pt\/es\/wp-json\/wp\/v2\/product"}],"about":[{"href":"https:\/\/gymnos.pt\/es\/wp-json\/wp\/v2\/types\/product"}],"wp:featuredmedia":[{"embeddable":true,"href":"https:\/\/gymnos.pt\/es\/wp-json\/wp\/v2\/media\/68821"}],"wp:attachment":[{"href":"https:\/\/gymnos.pt\/es\/wp-json\/wp\/v2\/media?parent=68820"}],"wp:term":[{"taxonomy":"product_brand","embeddable":true,"href":"https:\/\/gymnos.pt\/es\/wp-json\/wp\/v2\/product_brand?post=68820"},{"taxonomy":"product_cat","embeddable":true,"href":"https:\/\/gymnos.pt\/es\/wp-json\/wp\/v2\/product_cat?post=68820"},{"taxonomy":"product_tag","embeddable":true,"href":"https:\/\/gymnos.pt\/es\/wp-json\/wp\/v2\/product_tag?post=68820"}],"curies":[{"name":"wp","href":"https:\/\/api.w.org\/{rel}","templated":true}]}}