{"id":101596,"date":"2026-02-06T14:56:56","date_gmt":"2026-02-06T14:56:56","guid":{"rendered":"https:\/\/gymnos.pt\/?post_type=product&#038;p=101596"},"modified":"2026-02-06T15:25:05","modified_gmt":"2026-02-06T15:25:05","slug":"trampolin-infantil","status":"publish","type":"product","link":"https:\/\/gymnos.pt\/es\/produto\/trampolin-infantil\/","title":{"rendered":"Trampol\u00edn Infantil"},"content":{"rendered":"<p data-start=\"0\" data-end=\"77\">Trampol\u00edn dise\u00f1ado especialmente para ni\u00f1os con un peso de hasta <strong data-start=\"65\" data-end=\"74\">40 kg<\/strong>.<\/p>\n<p data-start=\"79\" data-end=\"241\">Fabricado con una estructura flexible de madera contrachapada de frondosas y amortiguadores de microgoma, ofrece una excelente elasticidad y un rebote din\u00e1mico.<\/p>\n<p data-start=\"243\" data-end=\"384\">La superficie est\u00e1 recubierta con <strong data-start=\"277\" data-end=\"293\">moqueta azul<\/strong> sobre una base de espuma compuesta, lo que proporciona una \u00f3ptima absorci\u00f3n de impactos.<\/p>\n<p data-start=\"386\" data-end=\"445\" data-is-last-node=\"\" data-is-only-node=\"\">Equipado con <strong>pies antideslizantes que no dejan marcas<\/strong>.<\/p>\n","protected":false},"excerpt":{"rendered":"<p>Trampol\u00edn infantil para ni\u00f1os con un peso de hasta 40 kg<br \/>\nDimensiones: 100 x 55 x 21 cm<br \/>\nMoqueta <span style=\"text-decoration: underline;\"><strong>AZUL<\/strong><\/span><\/p>\n","protected":false},"featured_media":101595,"template":"","meta":{"_et_pb_use_builder":"","_et_pb_old_content":"","_et_gb_content_width":""},"product_brand":[],"product_cat":[8047,8027,8047],"product_tag":[],"class_list":{"0":"post-101596","1":"product","2":"type-product","3":"status-publish","4":"has-post-thumbnail","6":"product_cat-gymnos-es","7":"product_cat-acessorios-de-entrenamiento","10":"first","11":"instock","12":"taxable","13":"shipping-taxable","14":"purchasable","15":"product-type-simple"},"_links":{"self":[{"href":"https:\/\/gymnos.pt\/es\/wp-json\/wp\/v2\/product\/101596","targetHints":{"allow":["GET"]}}],"collection":[{"href":"https:\/\/gymnos.pt\/es\/wp-json\/wp\/v2\/product"}],"about":[{"href":"https:\/\/gymnos.pt\/es\/wp-json\/wp\/v2\/types\/product"}],"wp:featuredmedia":[{"embeddable":true,"href":"https:\/\/gymnos.pt\/es\/wp-json\/wp\/v2\/media\/101595"}],"wp:attachment":[{"href":"https:\/\/gymnos.pt\/es\/wp-json\/wp\/v2\/media?parent=101596"}],"wp:term":[{"taxonomy":"product_brand","embeddable":true,"href":"https:\/\/gymnos.pt\/es\/wp-json\/wp\/v2\/product_brand?post=101596"},{"taxonomy":"product_cat","embeddable":true,"href":"https:\/\/gymnos.pt\/es\/wp-json\/wp\/v2\/product_cat?post=101596"},{"taxonomy":"product_tag","embeddable":true,"href":"https:\/\/gymnos.pt\/es\/wp-json\/wp\/v2\/product_tag?post=101596"}],"curies":[{"name":"wp","href":"https:\/\/api.w.org\/{rel}","templated":true}]}}