{"id":101136,"date":"2025-11-05T17:35:29","date_gmt":"2025-11-05T17:35:29","guid":{"rendered":"https:\/\/gymnos.pt\/produto\/cinturon-para-piruetas-pequeno\/"},"modified":"2025-11-05T17:35:29","modified_gmt":"2025-11-05T17:35:29","slug":"cinturon-para-piruetas-pequeno","status":"publish","type":"product","link":"https:\/\/gymnos.pt\/es\/produto\/cinturon-para-piruetas-pequeno\/","title":{"rendered":"Cintur\u00f3n para Piruetas &#8211; Peque\u00f1o"},"content":{"rendered":"<p>Cintur\u00f3n con rodamiento de bolas para la realizaci\u00f3n de ejercicios con piruetas.<\/p>\n<p>Cierre r\u00e1pido y sencillo.<\/p>\n<p>\u00d8 = 31 cm.<\/p>\n<p>Regulable de 55 a 65 cm.<\/p>\n<div class=\"woocommerce-product-details__short-description\">\n<p>&nbsp;<\/p>\n<\/div>\n","protected":false},"excerpt":{"rendered":"<p>Cintur\u00f3n para la realizaci\u00f3n de ejercicios con piruetas.<\/p>\n<p>Di\u00e1metro: 31 cm y regulable de 55 a 65 cm.<\/p>\n<p>&nbsp;<\/p>\n<p>&nbsp;<\/p>\n","protected":false},"featured_media":89649,"template":"","meta":{"_et_pb_use_builder":"","_et_pb_old_content":"","_et_gb_content_width":""},"product_brand":[],"product_cat":[8027,8045],"product_tag":[],"class_list":{"0":"post-101136","1":"product","2":"type-product","3":"status-publish","4":"has-post-thumbnail","6":"product_cat-acessorios-de-entrenamiento","7":"product_cat-eurotramp-es","9":"first","10":"outofstock","11":"taxable","12":"shipping-taxable","13":"product-type-simple"},"_links":{"self":[{"href":"https:\/\/gymnos.pt\/es\/wp-json\/wp\/v2\/product\/101136","targetHints":{"allow":["GET"]}}],"collection":[{"href":"https:\/\/gymnos.pt\/es\/wp-json\/wp\/v2\/product"}],"about":[{"href":"https:\/\/gymnos.pt\/es\/wp-json\/wp\/v2\/types\/product"}],"wp:featuredmedia":[{"embeddable":true,"href":"https:\/\/gymnos.pt\/es\/wp-json\/wp\/v2\/media\/89649"}],"wp:attachment":[{"href":"https:\/\/gymnos.pt\/es\/wp-json\/wp\/v2\/media?parent=101136"}],"wp:term":[{"taxonomy":"product_brand","embeddable":true,"href":"https:\/\/gymnos.pt\/es\/wp-json\/wp\/v2\/product_brand?post=101136"},{"taxonomy":"product_cat","embeddable":true,"href":"https:\/\/gymnos.pt\/es\/wp-json\/wp\/v2\/product_cat?post=101136"},{"taxonomy":"product_tag","embeddable":true,"href":"https:\/\/gymnos.pt\/es\/wp-json\/wp\/v2\/product_tag?post=101136"}],"curies":[{"name":"wp","href":"https:\/\/api.w.org\/{rel}","templated":true}]}}