{"id":80696,"date":"2020-12-17T15:34:20","date_gmt":"2020-12-17T15:34:20","guid":{"rendered":"https:\/\/gymnos.pt\/politica-de-privacidad\/"},"modified":"2023-03-20T11:47:55","modified_gmt":"2023-03-20T11:47:55","slug":"politica-de-privacidad","status":"publish","type":"page","link":"https:\/\/gymnos.pt\/es\/politica-de-privacidad\/","title":{"rendered":"Pol\u00edtica de privacidad"},"content":{"rendered":"<p>[et_pb_section fb_built=\u00bb1&#8243; admin_label=\u00bbHeader\u00bb _builder_version=\u00bb4.4.5&#8243; global_colors_info=\u00bb{}\u00bb][et_pb_row _builder_version=\u00bb4.6.5&#8243; global_colors_info=\u00bb{}\u00bb][et_pb_column type=\u00bb4_4&#8243; _builder_version=\u00bb4.4.7&#8243; z_index=\u00bb10&#8243; global_colors_info=\u00bb{}\u00bb][et_pb_text _builder_version=\u00bb4.6.5&#8243; header_2_font=\u00bbMontserrat|900|on||||||\u00bb header_2_font_size=\u00bb80px\u00bb custom_margin=\u00bb||||false|false\u00bb header_2_font_size_tablet=\u00bb56px\u00bb header_2_font_size_phone=\u00bb32px\u00bb header_2_font_size_last_edited=\u00bbon|desktop\u00bb locked=\u00bboff\u00bb global_colors_info=\u00bb{}\u00bb]<\/p>\n<h2>Pol\u00edtica de privacidad<\/h2>\n<p>[\/et_pb_text][et_pb_text _builder_version=\u00bb4.9.4&#8243; text_font=\u00bbMontserrat||||||||\u00bb text_font_size=\u00bb16px\u00bb text_line_height=\u00bb1.8em\u00bb custom_padding=\u00bb2px|||||\u00bb text_font_size_tablet=\u00bb15px\u00bb text_font_size_phone=\u00bb14px\u00bb text_font_size_last_edited=\u00bbon|desktop\u00bb global_colors_info=\u00bb{}\u00bb]<\/p>\n<p>Estamos comprometidos a proteger la privacidad de los clientes. Por lo tanto, la informaci\u00f3n que nos conf\u00eda se utiliza exclusivamente para facilitar la prestaci\u00f3n de servicios y personalizar su asistencia. Nosotros no vendemos, alquilamos o compartimos su informaci\u00f3n con terceros.<\/p>\n<p>Lea a continuaci\u00f3n nuestra pol\u00edtica de privacidad y comprenda c\u00f3mo recopilamos sus datos, c\u00f3mo se utiliza esa informaci\u00f3n y c\u00f3mo se puede permitir o denegar la recepci\u00f3n de material promocional.<\/p>\n<h5><strong>Identificaci\u00f3n del responsable del tratamiento<\/strong><\/h5>\n<ul>\n<li>Empresa: Manuel Pastor Costa &amp; Martha LDA. (en adelante denominada \u00abGymnos\u00bb)<\/li>\n<li>Sede: Vereda do Pereirinho n\u00ba61, 4405-688 Gulpilhares, V. N. de Gaia, Porto, PORTUGAL<\/li>\n<li>NIPC: 514742887<\/li>\n<li>Contacto Encargado de la Protecci\u00f3n de Datos: \u00a0<span id=\"cloakb2f21cb73c08ade63aeda3db9e26a315\"><a href=\"mailto:info@gymnos.pt\">info@gymnos.pt<\/a><\/span><\/li>\n<\/ul>\n<h5><strong>Informaci\u00f3n y consentimiento<\/strong><\/h5>\n<p>La Ley de Protecci\u00f3n de Datos Personales (en adelante \u00abLPDP\u00bb) y el Reglamento General de Protecci\u00f3n de Datos (Reglamento (UE) 2016\/679 del Parlamento Europeo y del Consejo de 27 de abril de 2016, en adelante \u00abRGPD\u00bb) garantizan la protecci\u00f3n de las personas con respecto al procesamiento de datos personales ya la libre circulaci\u00f3n de estos datos.<br \/>En t\u00e9rminos legales se consideran \u00abdatos personales\u00bb cualquier informaci\u00f3n, de cualquier naturaleza e independientemente del respeto, incluyendo el sonido y la imagen, relativa a una persona individual identificada o identificable, por lo que la protecci\u00f3n no cubre los datos de las personas colectivas.<\/p>\n<p>Mediante la aceptaci\u00f3n de la presente Pol\u00edtica de Privacidad el usuario proporciona su consentimiento informado, expreso, libre e inequ\u00edvoco para que los datos personales proporcionados a trav\u00e9s del sitio\u00a0<a href=\"https:\/\/gymnos.pt\/es\/\" target=\"_blank\" rel=\"noopener\">www.gymnos.pt<\/a>\u00a0sean incluidos en un fichero de la responsabilidad de Gymnos, cuyo tratamiento con arreglo a la LPDP y del RGPD cumple las medidas de seguridad t\u00e9cnicas y organizativas adecuadas.<\/p>\n<p>Gymnos, mantiene una base de datos con el registro de sus clientes. Los datos presentes en esta base son \u00fanicamente los datos prestados por los propios en el momento de su registro, siendo recogidos y procesados \u200b\u200bautom\u00e1ticamente, seg\u00fan los t\u00e9rminos aprobados por la Comisi\u00f3n Nacional de Protecci\u00f3n de Datos, por Gymnos, entidad responsable del correspondiente archivo.<\/p>\n<p>En ning\u00fan caso se solicitar\u00e1 informaci\u00f3n sobre convicciones filos\u00f3ficas o pol\u00edticas, filiaci\u00f3n partidista o sindical, fe religiosa, vida privada y origen racial o \u00e9tnico, as\u00ed como datos relativos a la salud y la vida sexual, incluidos los datos gen\u00e9ticos. En ning\u00fan caso llevaremos a cabo cualquiera de las siguientes actividades con los datos personales que nos sean facilitados a trav\u00e9s de este sitio web:<\/p>\n<ul>\n<li>Ceder a otras personas u otras entidades, sin el consentimiento previo del titular de los datos;<\/li>\n<li>Transferir fuera del Espacio Econ\u00f3mico Europeo (EEE), sin el consentimiento previo del titular de los datos.<\/li>\n<\/ul>\n<h5><strong>Ejercicio de los derechos<\/strong><\/h5>\n<p>De acuerdo con las disposiciones de la LDPD y del RGPD, el usuario puede ejercer en todo momento sus derechos de acceso, rectificaci\u00f3n, supresi\u00f3n, limitaci\u00f3n, oposici\u00f3n y portabilidad, a petici\u00f3n de cualquiera de los siguientes medios:<\/p>\n<ul>\n<li>Correo: Vereda do Pereirinho n\u00ba 61, 4405-688 Gulpilhares, V. N. de Gaia, Porto, Portugal<\/li>\n<li>E-mail:\u00a0<span id=\"cloak71f7c6eb767d76d749e7455378ce9a84\"><a href=\"mailto:info@gymnos.pt\">info@gymnos.pt<\/a><\/span><\/li>\n<li>Tel\u00e9fono: +351 919 000 620<\/li>\n<\/ul>\n<p>Si el usuario desea, en cualquier momento, dejar de formar parte de la base de datos Gymnos, podr\u00e1 ejercer ese derecho a trav\u00e9s de estos contactos.<\/p>\n<h5><strong>Recopilaci\u00f3n de informaci\u00f3n<\/strong><\/h5>\n<p>Los datos personales facilitados por usted son importantes para nosotros, para que podamos conocerlo mejor y ofrecerle servicios, productos e informaci\u00f3n espec\u00edfica. Esta informaci\u00f3n se almacena en nuestra base de datos que permite una mejor relaci\u00f3n con nuestros clientes. La informaci\u00f3n es utilizada solamente por nosotros y est\u00e1 dise\u00f1ada para facilitar sus compras futuras y la navegaci\u00f3n en el sitio web.<\/p>\n<p>Durante su navegaci\u00f3n por el sitio, recopilamos informaci\u00f3n sobre la navegaci\u00f3n de nuestros visitantes, como la fecha de la visita, la direcci\u00f3n IP y el tipo de navegador. Estos datos son importantes para mejorar la funcionalidad del sitio web y el an\u00e1lisis estad\u00edstico y permiten una navegaci\u00f3n m\u00e1s segura.<\/p>\n<p>Durante el proceso de compra de cualquier producto, le solicitaremos algunos datos personales (nombre, direcci\u00f3n, ciudad, etc.) que son necesarios para identificar qui\u00e9n es usted y poder finalizar su pedido.<\/p>\n<h5><strong>Uso de la informaci\u00f3n<\/strong><\/h5>\n<p>No divulgamos ni vendemos sus datos personales. Entendemos que esta informaci\u00f3n fue suministrada por la confianza en nuestra empresa y que nosotros debemos devolver el mismo respeto.<\/p>\n<p>Su informaci\u00f3n se utilizada solamente por nosotros, para fines tales como verificar la solicitud, facilitar el cumplimiento del pedido, realizar an\u00e1lisis de perfiles y estad\u00edsticas, mejorar las operaciones del sitio web y enviar contenido, anuncios, materiales de promoci\u00f3n e informaci\u00f3n, que puede cancelar en cualquier momento.<\/p>\n<h5><strong>Registro y Recepci\u00f3n de material promocional<\/strong><\/h5>\n<p>Su registro por correo electr\u00f3nico se utilizar\u00e1 para la difusi\u00f3n de informaci\u00f3n, promociones y lanzamientos, siempre y cuando autorizados por usted. En cualquier momento, usted puede optar por dejar de recibir esta informaci\u00f3n. Para hacerlo, env\u00ede un email o realice el cambio en el campo \u00abmi cuenta\u00bb.<\/p>\n<p>El registro no crea ninguna relaci\u00f3n contractual con la empresa. Sirve para que tenga acceso a nuestros servicios especiales y obtenga un tratamiento diferente.<\/p>\n<h5><strong>\u00bfQu\u00e9 son las cookies y para qu\u00e9 se utilizan?<\/strong><\/h5>\n<p>Las cookies son peque\u00f1os archivos de datos transferidos de un sitio web en el disco de su computadora. Podemos utilizar cookies para identificarlo si vuelve a navegar nuestro sitio web. Por ejemplo: durante su visita a nuestro sitio web, elige un producto y lo coloca en el carrito de compras. La conexi\u00f3n se cort\u00f3 y se desea realizar la compra que comenz\u00f3. Si no guardamos sus cookies, tendr\u00eda que volver a iniciar sesi\u00f3n y comenzar todo el proceso nuevamente. En este caso, guardamos su carrito de compras por un per\u00edodo de 24 horas. Nuestras cookies no contienen informaci\u00f3n personal como nombre, direcci\u00f3n, n\u00famero de tarjeta de cr\u00e9dito o cualquier otra informaci\u00f3n considerada confidencial.<\/p>\n<h5><strong>Puedo no utilizar las cookies?<\/strong><\/h5>\n<p>Los navegadores web le permiten eliminar las cookies existentes en su computadora, bloquear su uso o pueden decirle si una cookie se almacena en el disco duro. Esta es una opci\u00f3n personal. Si decide bloquear las cookies, no podr\u00e1 registrarse en nuestro sitio web o hacer compras, y no tener los beneficios que estos peque\u00f1os archivos pueden ofrecer.<\/p>\n<h5><strong>Seguridad<\/strong><\/h5>\n<p>Su informaci\u00f3n se almacena en las computadoras seguras, por lo que se mantiene inaccesible por otros. Para asegurar su privacidad y seguridad, no revele su contrase\u00f1a a terceros.<\/p>\n<h5><strong>Modificaciones<\/strong><\/h5>\n<p>Nos reservamos el derecho de cambiar nuestra Pol\u00edtica de Privacidad, en caso de necesidad, pero nos comprometemos a divulgar, en el mismo espacio, cualquier cambio.<\/p>\n<h5><strong>Preguntas y sugerencias<\/strong><\/h5>\n<p>Si tiene preguntas o sugerencias con respecto a nuestra Pol\u00edtica de Privacidad, por favor cont\u00e1ctenos.<\/p>\n<p>[\/et_pb_text][et_pb_social_media_follow icon_color=\u00bb#000000&#8243; icon_color_tablet=\u00bb\u00bb icon_color_phone=\u00bb#ffffff\u00bb icon_color_last_edited=\u00bbon|phone\u00bb _builder_version=\u00bb4.6.5&#8243; scroll_vertical_motion_enable=\u00bbon\u00bb scroll_vertical_motion=\u00bb0|50|50|100|0.5|0|-0.5&#8243; locked=\u00bboff\u00bb global_colors_info=\u00bb{}\u00bb][et_pb_social_media_follow_network social_network=\u00bbfacebook\u00bb url=\u00bbhttps:\/\/www.facebook.com\/Gymnos-128827893954805\/timeline\/\u00bb _builder_version=\u00bb4.6.5&#8243; background_color=\u00bbrgba(0,0,0,0)\u00bb background_enable_color=\u00bbon\u00bb global_colors_info=\u00bb{}\u00bb follow_button=\u00bboff\u00bb url_new_window=\u00bbon\u00bb]facebook[\/et_pb_social_media_follow_network][et_pb_social_media_follow_network social_network=\u00bbinstagram\u00bb url=\u00bbhttps:\/\/www.instagram.com\/gymnos2003\/\u00bb _builder_version=\u00bb4.6.5&#8243; background_color=\u00bb#ea2c59&#8243; background_enable_color=\u00bboff\u00bb global_colors_info=\u00bb{}\u00bb follow_button=\u00bboff\u00bb url_new_window=\u00bbon\u00bb]instagram[\/et_pb_social_media_follow_network][et_pb_social_media_follow_network social_network=\u00bbyoutube\u00bb url=\u00bbhttps:\/\/www.youtube.com\/channel\/UCEOotEgbNQlbDC5lX0oxzBA\u00bb _builder_version=\u00bb4.6.5&#8243; _module_preset=\u00bbdefault\u00bb background_color=\u00bb#a82400&#8243; global_colors_info=\u00bb{}\u00bb follow_button=\u00bboff\u00bb url_new_window=\u00bbon\u00bb]youtube[\/et_pb_social_media_follow_network][\/et_pb_social_media_follow][\/et_pb_column][\/et_pb_row][\/et_pb_section]<\/p>\n","protected":false},"excerpt":{"rendered":"<p>Pol\u00edtica de privacidadEstamos comprometidos a proteger la privacidad de los clientes. Por lo tanto, la informaci\u00f3n que nos conf\u00eda se utiliza exclusivamente para facilitar la prestaci\u00f3n de servicios y personalizar su asistencia. Nosotros no vendemos, alquilamos o compartimos su informaci\u00f3n con terceros. Lea a continuaci\u00f3n nuestra pol\u00edtica de privacidad y comprenda c\u00f3mo recopilamos sus datos, [&hellip;]<\/p>\n","protected":false},"author":1,"featured_media":0,"parent":0,"menu_order":0,"comment_status":"closed","ping_status":"closed","template":"","meta":{"_et_pb_use_builder":"on","_et_pb_old_content":"","_et_gb_content_width":"","footnotes":""},"class_list":["post-80696","page","type-page","status-publish","hentry"],"_links":{"self":[{"href":"https:\/\/gymnos.pt\/es\/wp-json\/wp\/v2\/pages\/80696","targetHints":{"allow":["GET"]}}],"collection":[{"href":"https:\/\/gymnos.pt\/es\/wp-json\/wp\/v2\/pages"}],"about":[{"href":"https:\/\/gymnos.pt\/es\/wp-json\/wp\/v2\/types\/page"}],"author":[{"embeddable":true,"href":"https:\/\/gymnos.pt\/es\/wp-json\/wp\/v2\/users\/1"}],"replies":[{"embeddable":true,"href":"https:\/\/gymnos.pt\/es\/wp-json\/wp\/v2\/comments?post=80696"}],"version-history":[{"count":0,"href":"https:\/\/gymnos.pt\/es\/wp-json\/wp\/v2\/pages\/80696\/revisions"}],"wp:attachment":[{"href":"https:\/\/gymnos.pt\/es\/wp-json\/wp\/v2\/media?parent=80696"}],"curies":[{"name":"wp","href":"https:\/\/api.w.org\/{rel}","templated":true}]}}