{"id":80657,"date":"2020-12-17T14:59:11","date_gmt":"2020-12-17T14:59:11","guid":{"rendered":"https:\/\/gymnos.pt\/quienes-somos\/"},"modified":"2021-06-09T15:03:42","modified_gmt":"2021-06-09T15:03:42","slug":"quienes-somos","status":"publish","type":"page","link":"https:\/\/gymnos.pt\/es\/quienes-somos\/","title":{"rendered":"Quienes somos"},"content":{"rendered":"<p>[et_pb_section fb_built=\u00bb1&#8243; admin_label=\u00bbHeader\u00bb _builder_version=\u00bb4.4.5&#8243; custom_padding=\u00bb||0px|||\u00bb][et_pb_row _builder_version=\u00bb4.6.5&#8243; _module_preset=\u00bbdefault\u00bb][et_pb_column type=\u00bb4_4&#8243; _builder_version=\u00bb4.6.5&#8243; _module_preset=\u00bbdefault\u00bb][et_pb_text _builder_version=\u00bb4.4.7&#8243; header_2_font=\u00bbMontserrat|900|on||||||\u00bb header_2_font_size=\u00bb112px\u00bb custom_margin=\u00bb||||false|false\u00bb header_2_font_size_tablet=\u00bb56px\u00bb header_2_font_size_phone=\u00bb32px\u00bb header_2_font_size_last_edited=\u00bbon|desktop\u00bb locked=\u00bboff\u00bb]<\/p>\n<h2>Quienes somos<\/h2>\n<p>[\/et_pb_text][\/et_pb_column][\/et_pb_row][et_pb_row column_structure=\u00bb3_5,2_5&#8243; _builder_version=\u00bb4.6.5&#8243;][et_pb_column type=\u00bb3_5&#8243; _builder_version=\u00bb4.4.7&#8243; z_index=\u00bb10&#8243;][et_pb_text _builder_version=\u00bb4.6.5&#8243; text_font=\u00bbMontserrat||||||||\u00bb text_font_size=\u00bb16px\u00bb text_line_height=\u00bb1.8em\u00bb text_font_size_tablet=\u00bb15px\u00bb text_font_size_phone=\u00bb14px\u00bb text_font_size_last_edited=\u00bbon|desktop\u00bb]<\/p>\n<p><strong>Gymnos<\/strong> fue creado en 2003 por Manuel Pastor Costa y Martha Konstantinidou Costa, con el fin de llenar la falta de equipos especializados para la Gimnasia de Competici\u00f3n, en el mercado portugu\u00e9s.<\/p>\n<p>De esta forma, la compa\u00f1\u00eda se ha desarrollado para proporcionar una amplia gama de <strong>productos<\/strong> (muchos de ellos <strong>\u00fanicos en Portugal<\/strong>), ropa especializada, accesorios y equipos especializados de gimnasia, para cualquier gimnasta, club o entidad, desde el nivel de Iniciac\u00f3n hasta el Alto Rendimiento.<\/p>\n<p>En <strong>Gymnos<\/strong> puede encontrar el art\u00edculo que necesita, porque tenemos una amplia variedad de productos para las diferentes disciplinas de la gimnasia: Gimnasia Art\u00edstica, Gimnasia R\u00edtmica, Gimnasia Aer\u00f3bica, Gimnasia para Todos, Trampolines, Tumbling y Gimnasia Acrob\u00e1tica.<\/p>\n<p>En estos los \u00faltimos a\u00f1os, <strong>Gymnos<\/strong> se ha establecido como la \u00fanica empresa portuguesa que puede satisfacer todos los pedidos, de todos los gimnastas en cualquier parte del pa\u00eds. <strong>Gymnos<\/strong> tambi\u00e9n tiene la capacidad de presentar proyectos para la construcci\u00f3n y equipamiento de salas de gimnasia especializadas.<\/p>\n<p><strong>Gymnos<\/strong> colabora con diferentes entidades, clubes y especialmente con la Federaci\u00f3n de Gimnasia de Portugal. Estamos orgullosos de que toda la comunidad de gimnasia y en particular nuestros gimnastas conf\u00edan en nuestros productos y servicio, alent\u00e1ndonos a avanzar en nuestro trabajo. Por lo tanto, sin renunciar a la b\u00fasqueda constante de nuevos productos para ofrecer las \u00faltimas innovaciones tecnol\u00f3gicas, esperamos seguir contribuyendo al logro de los sue\u00f1os y \u00e9xitos de cada gimnasta.<\/p>\n<p>[\/et_pb_text][\/et_pb_column][et_pb_column type=\u00bb2_5&#8243; _builder_version=\u00bb4.6.5&#8243; _module_preset=\u00bbdefault\u00bb][et_pb_image src=\u00bbhttps:\/\/gymnos.pt\/wp-content\/uploads\/2021\/04\/20180608_163602_resized_1-e1619543542148.jpg\u00bb title_text=\u00bb20180608_163602_resized_1-e1619543542148&#8243; align=\u00bbcenter\u00bb _builder_version=\u00bb4.9.2&#8243; _module_preset=\u00bbdefault\u00bb][\/et_pb_image][\/et_pb_column][\/et_pb_row][\/et_pb_section][et_pb_section fb_built=\u00bb1&#8243; admin_label=\u00bbGallery\u00bb _builder_version=\u00bb4.4.5&#8243; custom_padding=\u00bb0px|||||\u00bb][et_pb_row column_structure=\u00bb1_3,1_3,1_3&#8243; _builder_version=\u00bb4.6.5&#8243; _module_preset=\u00bbdefault\u00bb][et_pb_column type=\u00bb1_3&#8243; _builder_version=\u00bb4.6.5&#8243; _module_preset=\u00bbdefault\u00bb][et_pb_image src=\u00bbhttps:\/\/gymnos.pt\/wp-content\/uploads\/2020\/12\/nova.png\u00bb title_text=\u00bbnova\u00bb _builder_version=\u00bb4.6.5&#8243; _module_preset=\u00bbdefault\u00bb][\/et_pb_image][\/et_pb_column][et_pb_column type=\u00bb1_3&#8243; _builder_version=\u00bb4.6.5&#8243; _module_preset=\u00bbdefault\u00bb][et_pb_image src=\u00bbhttps:\/\/gymnos.pt\/wp-content\/uploads\/2020\/12\/20171007_122518_resized_2.jpg\u00bb title_text=\u00bb20171007_122518_resized_2&#8243; align=\u00bbcenter\u00bb _builder_version=\u00bb4.6.5&#8243; _module_preset=\u00bbdefault\u00bb height=\u00bb443px\u00bb max_height=\u00bb443px\u00bb][\/et_pb_image][\/et_pb_column][et_pb_column type=\u00bb1_3&#8243; _builder_version=\u00bb4.6.5&#8243; _module_preset=\u00bbdefault\u00bb][et_pb_image src=\u00bbhttps:\/\/gymnos.pt\/wp-content\/uploads\/2020\/12\/20190330_183220_resized.jpg\u00bb title_text=\u00bb20190330_183220_resized\u00bb align=\u00bbcenter\u00bb _builder_version=\u00bb4.6.5&#8243; max_height=\u00bb443px\u00bb locked=\u00bboff\u00bb][\/et_pb_image][\/et_pb_column][\/et_pb_row][et_pb_row column_structure=\u00bb1_3,1_3,1_3&#8243; _builder_version=\u00bb4.6.5&#8243; custom_margin=\u00bb26px|auto||auto||\u00bb][et_pb_column type=\u00bb1_3&#8243; _builder_version=\u00bb4.4.7&#8243;][et_pb_image src=\u00bbhttps:\/\/gymnos.pt\/wp-content\/uploads\/2020\/12\/20190331_164521_resized.jpg\u00bb title_text=\u00bb20190331_164521_resized\u00bb _builder_version=\u00bb4.6.5&#8243; locked=\u00bboff\u00bb][\/et_pb_image][\/et_pb_column][et_pb_column type=\u00bb1_3&#8243; _builder_version=\u00bb4.4.7&#8243;][et_pb_image src=\u00bbhttps:\/\/gymnos.pt\/wp-content\/uploads\/2020\/12\/20190723_155632_resized.jpg\u00bb title_text=\u00bb20190723_155632_resized\u00bb _builder_version=\u00bb4.6.5&#8243; locked=\u00bboff\u00bb][\/et_pb_image][\/et_pb_column][et_pb_column type=\u00bb1_3&#8243; _builder_version=\u00bb4.6.5&#8243; _module_preset=\u00bbdefault\u00bb][et_pb_image src=\u00bbhttps:\/\/gymnos.pt\/wp-content\/uploads\/2020\/12\/20180922_185659_resized.jpg\u00bb title_text=\u00bb20180922_185659_resized\u00bb _builder_version=\u00bb4.6.5&#8243; locked=\u00bboff\u00bb][\/et_pb_image][\/et_pb_column][\/et_pb_row][et_pb_row _builder_version=\u00bb4.6.5&#8243;][et_pb_column type=\u00bb4_4&#8243; _builder_version=\u00bb4.4.7&#8243;][et_pb_social_media_follow icon_color=\u00bb#000000&#8243; icon_color_tablet=\u00bb\u00bb icon_color_phone=\u00bb#ffffff\u00bb icon_color_last_edited=\u00bbon|phone\u00bb _builder_version=\u00bb4.6.5&#8243; scroll_vertical_motion_enable=\u00bbon\u00bb scroll_vertical_motion=\u00bb0|50|50|100|0.5|0|-0.5&#8243; locked=\u00bboff\u00bb][et_pb_social_media_follow_network social_network=\u00bbfacebook\u00bb url=\u00bbhttps:\/\/www.facebook.com\/Gymnos-128827893954805\/timeline\/\u00bb _builder_version=\u00bb4.6.5&#8243; background_color=\u00bbrgba(0,0,0,0)\u00bb background_enable_color=\u00bbon\u00bb follow_button=\u00bboff\u00bb url_new_window=\u00bbon\u00bb]facebook[\/et_pb_social_media_follow_network][et_pb_social_media_follow_network social_network=\u00bbinstagram\u00bb url=\u00bbhttps:\/\/www.instagram.com\/gymnos2003\/\u00bb _builder_version=\u00bb4.6.5&#8243; background_color=\u00bb#ea2c59&#8243; background_enable_color=\u00bboff\u00bb follow_button=\u00bboff\u00bb url_new_window=\u00bbon\u00bb]instagram[\/et_pb_social_media_follow_network][et_pb_social_media_follow_network social_network=\u00bbyoutube\u00bb url=\u00bbhttps:\/\/www.youtube.com\/channel\/UCEOotEgbNQlbDC5lX0oxzBA\u00bb _builder_version=\u00bb4.6.5&#8243; _module_preset=\u00bbdefault\u00bb background_color=\u00bb#a82400&#8243; follow_button=\u00bboff\u00bb url_new_window=\u00bbon\u00bb]youtube[\/et_pb_social_media_follow_network][\/et_pb_social_media_follow][\/et_pb_column][\/et_pb_row][\/et_pb_section]<\/p>\n","protected":false},"excerpt":{"rendered":"<p>Quienes somosGymnos fue creado en 2003 por Manuel Pastor Costa y Martha Konstantinidou Costa, con el fin de llenar la falta de equipos especializados para la Gimnasia de Competici\u00f3n, en el mercado portugu\u00e9s. De esta forma, la compa\u00f1\u00eda se ha desarrollado para proporcionar una amplia gama de productos (muchos de ellos \u00fanicos en Portugal), ropa [&hellip;]<\/p>\n","protected":false},"author":1,"featured_media":0,"parent":0,"menu_order":0,"comment_status":"closed","ping_status":"closed","template":"","meta":{"_et_pb_use_builder":"on","_et_pb_old_content":"","_et_gb_content_width":"","footnotes":""},"class_list":["post-80657","page","type-page","status-publish","hentry"],"_links":{"self":[{"href":"https:\/\/gymnos.pt\/es\/wp-json\/wp\/v2\/pages\/80657","targetHints":{"allow":["GET"]}}],"collection":[{"href":"https:\/\/gymnos.pt\/es\/wp-json\/wp\/v2\/pages"}],"about":[{"href":"https:\/\/gymnos.pt\/es\/wp-json\/wp\/v2\/types\/page"}],"author":[{"embeddable":true,"href":"https:\/\/gymnos.pt\/es\/wp-json\/wp\/v2\/users\/1"}],"replies":[{"embeddable":true,"href":"https:\/\/gymnos.pt\/es\/wp-json\/wp\/v2\/comments?post=80657"}],"version-history":[{"count":0,"href":"https:\/\/gymnos.pt\/es\/wp-json\/wp\/v2\/pages\/80657\/revisions"}],"wp:attachment":[{"href":"https:\/\/gymnos.pt\/es\/wp-json\/wp\/v2\/media?parent=80657"}],"curies":[{"name":"wp","href":"https:\/\/api.w.org\/{rel}","templated":true}]}}