{"id":80636,"date":"2020-12-17T14:45:43","date_gmt":"2020-12-17T14:45:43","guid":{"rendered":"https:\/\/gymnos.pt\/crea-tu-gimnasio-en-3d\/"},"modified":"2023-11-27T17:32:03","modified_gmt":"2023-11-27T17:32:03","slug":"crea-tu-gimnasio-en-3d","status":"publish","type":"page","link":"https:\/\/gymnos.pt\/es\/crea-tu-gimnasio-en-3d\/","title":{"rendered":"CREA TU GIMNASIO EN 3D"},"content":{"rendered":"<p>[et_pb_section fb_built=\u00bb1&#8243; admin_label=\u00bbHeader\u00bb _builder_version=\u00bb4.4.5&#8243; custom_padding=\u00bb||0px|||\u00bb global_colors_info=\u00bb{}\u00bb][et_pb_row _builder_version=\u00bb4.6.5&#8243; _module_preset=\u00bbdefault\u00bb global_colors_info=\u00bb{}\u00bb][et_pb_column type=\u00bb4_4&#8243; _builder_version=\u00bb4.6.5&#8243; _module_preset=\u00bbdefault\u00bb global_colors_info=\u00bb{}\u00bb][et_pb_text _builder_version=\u00bb4.6.5&#8243; header_font_size=\u00bb38px\u00bb header_2_font=\u00bbMontserrat|900|on||||||\u00bb header_2_font_size=\u00bb70px\u00bb custom_margin=\u00bb||||false|false\u00bb header_2_font_size_tablet=\u00bb56px\u00bb header_2_font_size_phone=\u00bb32px\u00bb header_2_font_size_last_edited=\u00bbon|desktop\u00bb locked=\u00bboff\u00bb global_colors_info=\u00bb{}\u00bb]<\/p>\n<h2>Crea tu gimnasio 3D<\/h2>\n<p>[\/et_pb_text][\/et_pb_column][\/et_pb_row][et_pb_row _builder_version=\u00bb4.6.5&#8243; custom_padding=\u00bb|||0px||\u00bb global_colors_info=\u00bb{}\u00bb][et_pb_column type=\u00bb4_4&#8243; _builder_version=\u00bb4.4.7&#8243; z_index=\u00bb10&#8243; global_colors_info=\u00bb{}\u00bb][et_pb_text _builder_version=\u00bb4.14.7&#8243; text_font=\u00bbMontserrat||||||||\u00bb text_font_size=\u00bb16px\u00bb text_line_height=\u00bb1.8em\u00bb custom_margin=\u00bb||5px|||\u00bb hover_enabled=\u00bb0&#8243; text_font_size_tablet=\u00bb15px\u00bb text_font_size_phone=\u00bb14px\u00bb text_font_size_last_edited=\u00bbon|desktop\u00bb global_colors_info=\u00bb{}\u00bb sticky_enabled=\u00bb0&#8243;]<\/p>\n<p>Haga clic <a href=\"http:\/\/www.sweethome3d.com\/download.jsp\" target=\"_blank\" rel=\"noopener noreferrer\">aqu\u00ed<\/a> <span>para descargar el instalador multifuncional Sweet Home 3D que viene con Java. <\/span><\/p>\n<p><span>Descargue los objetos de la biblioteca <a href=\"https:\/\/www.gymnova.com\/media\/Gymnova.zip\" target=\"_blank\" rel=\"noopener\" title=\"Gymnova.sh3f\">Gymnova (4 MB)<\/a>, gu\u00e1rdelos en su disco r\u00edgido, imp\u00f3rtelos en el software usando el men\u00fa <\/span>&#8216;Furniture&gt; Import furniture library&#8217;<span> y seleccione el archivo que acaba de descargar. <\/span><\/p>\n<p>&nbsp;<\/p>\n<p>[\/et_pb_text][et_pb_image src=\u00bbhttps:\/\/gymnos.pt\/wp-content\/uploads\/2020\/12\/c43151d60ae8ee72efe9668bdd085fe7.png\u00bb title_text=\u00bbc43151d60ae8ee72efe9668bdd085fe7&#8243; align=\u00bbcenter\u00bb _builder_version=\u00bb4.6.5&#8243; _module_preset=\u00bbdefault\u00bb custom_padding=\u00bb11px|||||\u00bb global_colors_info=\u00bb{}\u00bb][\/et_pb_image][et_pb_text _builder_version=\u00bb4.9.4&#8243; _module_preset=\u00bbdefault\u00bb global_colors_info=\u00bb{}\u00bb]<\/p>\n<h2>Para WINDOWS:<\/h2>\n<p>Ejecute el programa de instalaci\u00f3n descargado y siga las instrucciones del asistente de instalaci\u00f3n.<\/p>\n<h2>Para MAC OS X:<\/h2>\n<p>Haga doble clic en el archivo descargado y ejecute la aplicaci\u00f3n Sweet Home 3D que se encuentra en la carpeta abierta. Para instalar Sweet Home 3D, arrastre y suelte la aplicaci\u00f3n en la carpeta que elija.<\/p>\n<h2>Para LINUX:<\/h2>\n<p>Descomprima el archivo descargado y ejecute la aplicaci\u00f3n Sweet Home 3D que se encuentra en el directorio descomprimido. Para instalar Sweet Home 3D, mueva el directorio descomprimido al de su elecci\u00f3n.<\/p>\n<p>[\/et_pb_text][\/et_pb_column][\/et_pb_row][\/et_pb_section]<\/p>\n","protected":false},"excerpt":{"rendered":"<p>Crea tu gimnasio 3DHaga clic aqu\u00ed para descargar el instalador multifuncional Sweet Home 3D que viene con Java. Descargue los objetos de la biblioteca Gymnova (4 MB), gu\u00e1rdelos en su disco r\u00edgido, imp\u00f3rtelos en el software usando el men\u00fa &#8216;Furniture&gt; Import furniture library&#8217; y seleccione el archivo que acaba de descargar. &nbsp;Para WINDOWS: Ejecute el [&hellip;]<\/p>\n","protected":false},"author":1,"featured_media":0,"parent":0,"menu_order":0,"comment_status":"closed","ping_status":"closed","template":"","meta":{"_et_pb_use_builder":"on","_et_pb_old_content":"","_et_gb_content_width":"","footnotes":""},"class_list":["post-80636","page","type-page","status-publish","hentry"],"_links":{"self":[{"href":"https:\/\/gymnos.pt\/es\/wp-json\/wp\/v2\/pages\/80636","targetHints":{"allow":["GET"]}}],"collection":[{"href":"https:\/\/gymnos.pt\/es\/wp-json\/wp\/v2\/pages"}],"about":[{"href":"https:\/\/gymnos.pt\/es\/wp-json\/wp\/v2\/types\/page"}],"author":[{"embeddable":true,"href":"https:\/\/gymnos.pt\/es\/wp-json\/wp\/v2\/users\/1"}],"replies":[{"embeddable":true,"href":"https:\/\/gymnos.pt\/es\/wp-json\/wp\/v2\/comments?post=80636"}],"version-history":[{"count":0,"href":"https:\/\/gymnos.pt\/es\/wp-json\/wp\/v2\/pages\/80636\/revisions"}],"wp:attachment":[{"href":"https:\/\/gymnos.pt\/es\/wp-json\/wp\/v2\/media?parent=80636"}],"curies":[{"name":"wp","href":"https:\/\/api.w.org\/{rel}","templated":true}]}}