{"id":80615,"date":"2020-12-17T14:25:15","date_gmt":"2020-12-17T14:25:15","guid":{"rendered":"https:\/\/gymnos.pt\/como-comprar\/"},"modified":"2021-05-14T18:42:41","modified_gmt":"2021-05-14T18:42:41","slug":"como-comprar","status":"publish","type":"page","link":"https:\/\/gymnos.pt\/es\/como-comprar\/","title":{"rendered":"C\u00f3mo Comprar"},"content":{"rendered":"<p>[et_pb_section fb_built=\u00bb1&#8243; admin_label=\u00bbHeader\u00bb _builder_version=\u00bb4.4.5&#8243;][et_pb_row _builder_version=\u00bb4.6.5&#8243;][et_pb_column type=\u00bb4_4&#8243; _builder_version=\u00bb4.4.7&#8243; z_index=\u00bb10&#8243;][et_pb_text _builder_version=\u00bb4.6.5&#8243; header_2_font=\u00bbMontserrat|900|on||||||\u00bb header_2_font_size=\u00bb80px\u00bb custom_margin=\u00bb||||false|false\u00bb header_2_font_size_tablet=\u00bb56px\u00bb header_2_font_size_phone=\u00bb32px\u00bb header_2_font_size_last_edited=\u00bbon|desktop\u00bb locked=\u00bboff\u00bb]<\/p>\n<h2>C\u00f3mo Comprar<\/h2>\n<p>[\/et_pb_text][et_pb_text _builder_version=\u00bb4.9.2&#8243; text_font=\u00bbMontserrat||||||||\u00bb text_font_size=\u00bb16px\u00bb text_line_height=\u00bb1.8em\u00bb custom_padding=\u00bb2px|||||\u00bb text_font_size_tablet=\u00bb15px\u00bb text_font_size_phone=\u00bb14px\u00bb text_font_size_last_edited=\u00bbon|desktop\u00bb]<\/p>\n<p>A la hora de comprar, es esencial que encuentre facilidad y seguridad en el proceso. Por ello, hemos creado un sistema de compras objetivo y f\u00e1cil de entender. \u00a1Compru\u00e9belo!<\/p>\n<p>Para facilitar la elecci\u00f3n, hemos colocado varias <strong>CATEGOR\u00cdAS<\/strong> destacadas en la parte superior de la p\u00e1gina principal del sitio. Estas Categor\u00edas se ven al entrar en el sitio y remiten directamente a la disciplina deseada. Una vez elegida la Categor\u00eda, encontrar\u00e1 los diferentes productos existentes y si quiere comprarlos o saber m\u00e1s sobre ellos, s\u00f3lo tiene que hacer clic en las respectivas im\u00e1genes.<\/p>\n<p>Para comprar un producto, primero debe seleccionar la talla, el color o el modelo del art\u00edculo, la cantidad que desea y, a continuaci\u00f3n, hacer clic en <strong>\u00abA\u00f1adir al carrito\u00bb<\/strong>.\u00a0 Aparecer\u00e1 una nueva p\u00e1gina con los detalles de su carrito. Si desea comprar otro producto, haga clic en \u00ab<strong>Volver a la tienda\u00bb<\/strong>\u00a0y repita el procedimiento.<\/p>\n<p>Para modificar su pedido, es decir, eliminar un producto o cambiar la cantidad de art\u00edculos, haga clic en <strong>\u00abVer carrito\u00bb<\/strong>.<\/p>\n<p>Si prefiere finalizar su pedido, haga clic en <strong>\u00abRevisa\u00bb<\/strong>.<\/p>\n<p>Si ya es cliente, introduzca en los campos indicados su <strong>nombre de usuario\/correo electr\u00f3nico<\/strong> y su <strong>contrase\u00f1a<\/strong> y haga clic en <strong>\u00abAcceder\u00bb<\/strong>. Si es su primera compra en el sitio, rellene el formulario con sus datos personales y cree una cuenta para utilizarla en futuras compras, o para seguir el estado de sus pedidos.<\/p>\n<p>Elija la opci\u00f3n de <strong>Env\u00edo<\/strong>: Los gastos de env\u00edo var\u00edan en funci\u00f3n del tama\u00f1o y el peso del producto y tambi\u00e9n del lugar de entrega. Si el pedido excede el peso m\u00e1ximo para la asignaci\u00f3n autom\u00e1tica de los gastos de env\u00edo, tendr\u00e1 que confirmar su pedido, para recibir por email la mejor propuesta con gastos de env\u00edo incluidos.<\/p>\n<p>Elija la opci\u00f3n de <strong>Pago<\/strong>: Transferencia bancaria, PayPal, Cajero Autom\u00e1tico, MBWAY o Tarjeta de Cr\u00e9dito.<\/p>\n<p><strong>Tenga en cuenta que los pedidos cuyo pago no se realice en un plazo m\u00e1ximo de 3 d\u00edas, se cancelar\u00e1n autom\u00e1ticamente.<\/strong><\/p>\n<p>Despu\u00e9s de rellenar y comprobar todos los datos personales, debe leer y aceptar los <strong>T\u00e9rminos y Condiciones<\/strong> de la tienda Gymnos y hacer clic en <strong>\u00abRealizar el pedido\u00bb.<\/strong><\/p>\n<p>Recibir\u00e1 inmediatamente la confirmaci\u00f3n de su pedido por email, que podr\u00e1 guardar para futuras consultas. Si necesita ponerse en contacto con nosotros, utilice siempre el n\u00famero de pedido que figura en dicha confirmaci\u00f3n.<\/p>\n<p><strong>El plazo de entrega de los pedidos online depende de la disponibilidad del producto.<\/strong> Si el producto est\u00e1 en stock, el env\u00edo se realizar\u00e1 durante los siguientes 3 d\u00edas laborables, tras la confirmaci\u00f3n del pago del pedido. En caso contrario, habr\u00e1 que pedir el producto y el nuevo plazo de entrega podr\u00e1 alargarse hasta 30 d\u00edas, salvo informaci\u00f3n contraria del proveedor.<\/p>\n<p>Para realizar el seguimiento de su pedido, puede entrar en el <strong>\u00ab\u00c1rea de usuario\u00bb<\/strong>\u00a0situada en la parte superior del sitio.<\/p>\n<p>Si todav\u00eda tiene alguna duda, p\u00f3ngase en contacto con nosotros, ya que estaremos encantados de ayudarle.<\/p>\n<p><strong>\u00a1Disfrute de sus compras!<\/strong><\/p>\n<p>[\/et_pb_text][et_pb_social_media_follow icon_color=\u00bb#000000&#8243; icon_color_tablet=\u00bb\u00bb icon_color_phone=\u00bb#ffffff\u00bb icon_color_last_edited=\u00bbon|phone\u00bb _builder_version=\u00bb4.6.5&#8243; scroll_vertical_motion_enable=\u00bbon\u00bb scroll_vertical_motion=\u00bb0|50|50|100|0.5|0|-0.5&#8243; locked=\u00bboff\u00bb][et_pb_social_media_follow_network social_network=\u00bbfacebook\u00bb url=\u00bbhttps:\/\/www.facebook.com\/Gymnos-128827893954805\/timeline\/\u00bb _builder_version=\u00bb4.6.5&#8243; background_color=\u00bbrgba(0,0,0,0)\u00bb background_enable_color=\u00bbon\u00bb follow_button=\u00bboff\u00bb url_new_window=\u00bbon\u00bb]facebook[\/et_pb_social_media_follow_network][et_pb_social_media_follow_network social_network=\u00bbinstagram\u00bb url=\u00bbhttps:\/\/www.instagram.com\/gymnos2003\/\u00bb _builder_version=\u00bb4.6.5&#8243; background_color=\u00bb#ea2c59&#8243; background_enable_color=\u00bboff\u00bb follow_button=\u00bboff\u00bb url_new_window=\u00bbon\u00bb]instagram[\/et_pb_social_media_follow_network][et_pb_social_media_follow_network social_network=\u00bbyoutube\u00bb url=\u00bbhttps:\/\/www.youtube.com\/channel\/UCEOotEgbNQlbDC5lX0oxzBA\u00bb _builder_version=\u00bb4.6.5&#8243; _module_preset=\u00bbdefault\u00bb background_color=\u00bb#a82400&#8243; follow_button=\u00bboff\u00bb url_new_window=\u00bbon\u00bb]youtube[\/et_pb_social_media_follow_network][\/et_pb_social_media_follow][\/et_pb_column][\/et_pb_row][\/et_pb_section]<\/p>\n","protected":false},"excerpt":{"rendered":"<p>C\u00f3mo ComprarA la hora de comprar, es esencial que encuentre facilidad y seguridad en el proceso. Por ello, hemos creado un sistema de compras objetivo y f\u00e1cil de entender. \u00a1Compru\u00e9belo! Para facilitar la elecci\u00f3n, hemos colocado varias CATEGOR\u00cdAS destacadas en la parte superior de la p\u00e1gina principal del sitio. Estas Categor\u00edas se ven al entrar [&hellip;]<\/p>\n","protected":false},"author":1,"featured_media":0,"parent":0,"menu_order":0,"comment_status":"closed","ping_status":"closed","template":"","meta":{"_et_pb_use_builder":"on","_et_pb_old_content":"","_et_gb_content_width":"","footnotes":""},"class_list":["post-80615","page","type-page","status-publish","hentry"],"_links":{"self":[{"href":"https:\/\/gymnos.pt\/es\/wp-json\/wp\/v2\/pages\/80615","targetHints":{"allow":["GET"]}}],"collection":[{"href":"https:\/\/gymnos.pt\/es\/wp-json\/wp\/v2\/pages"}],"about":[{"href":"https:\/\/gymnos.pt\/es\/wp-json\/wp\/v2\/types\/page"}],"author":[{"embeddable":true,"href":"https:\/\/gymnos.pt\/es\/wp-json\/wp\/v2\/users\/1"}],"replies":[{"embeddable":true,"href":"https:\/\/gymnos.pt\/es\/wp-json\/wp\/v2\/comments?post=80615"}],"version-history":[{"count":0,"href":"https:\/\/gymnos.pt\/es\/wp-json\/wp\/v2\/pages\/80615\/revisions"}],"wp:attachment":[{"href":"https:\/\/gymnos.pt\/es\/wp-json\/wp\/v2\/media?parent=80615"}],"curies":[{"name":"wp","href":"https:\/\/api.w.org\/{rel}","templated":true}]}}